{"id":651,"date":"2026-01-16T13:32:37","date_gmt":"2026-01-16T16:32:37","guid":{"rendered":"https:\/\/www.bionosticfelinos.com.br\/?page_id=651"},"modified":"2026-01-22T08:30:01","modified_gmt":"2026-01-22T11:30:01","slug":"sorologia-de-raiva","status":"publish","type":"page","link":"https:\/\/www.bionosticfelinos.com.br\/index.php\/sorologia-de-raiva\/","title":{"rendered":"Sorologia de Raiva"},"content":{"rendered":"\t\t<div data-elementor-type=\"wp-page\" data-elementor-id=\"651\" class=\"elementor elementor-651\">\n\t\t\t\t<div class=\"elementor-element elementor-element-f9b105a e-flex e-con-boxed e-con e-parent\" data-id=\"f9b105a\" data-element_type=\"container\" data-e-type=\"container\">\n\t\t\t\t\t<div class=\"e-con-inner\">\n\t\t<div class=\"elementor-element elementor-element-11526c2 e-con-full e-flex e-con e-child\" data-id=\"11526c2\" data-element_type=\"container\" data-e-type=\"container\">\n\t\t\t\t<div class=\"elementor-element elementor-element-3f61b07 elementor-widget elementor-widget-image\" data-id=\"3f61b07\" data-element_type=\"widget\" data-e-type=\"widget\" data-widget_type=\"image.default\">\n\t\t\t\t<div class=\"elementor-widget-container\">\n\t\t\t\t\t\t\t\t\t\t\t\t\t\t\t<img fetchpriority=\"high\" decoding=\"async\" width=\"682\" height=\"1024\" src=\"https:\/\/www.bionosticfelinos.com.br\/wp-content\/uploads\/2026\/01\/imagem-da-sorologia-de-raiva-682x1024.jpg\" class=\"attachment-large size-large wp-image-713\" alt=\"\" srcset=\"https:\/\/www.bionosticfelinos.com.br\/wp-content\/uploads\/2026\/01\/imagem-da-sorologia-de-raiva-682x1024.jpg 682w, https:\/\/www.bionosticfelinos.com.br\/wp-content\/uploads\/2026\/01\/imagem-da-sorologia-de-raiva-200x300.jpg 200w, https:\/\/www.bionosticfelinos.com.br\/wp-content\/uploads\/2026\/01\/imagem-da-sorologia-de-raiva-230x345.jpg 230w, https:\/\/www.bionosticfelinos.com.br\/wp-content\/uploads\/2026\/01\/imagem-da-sorologia-de-raiva-350x525.jpg 350w, https:\/\/www.bionosticfelinos.com.br\/wp-content\/uploads\/2026\/01\/imagem-da-sorologia-de-raiva-480x720.jpg 480w, https:\/\/www.bionosticfelinos.com.br\/wp-content\/uploads\/2026\/01\/imagem-da-sorologia-de-raiva.jpg 685w\" sizes=\"(max-width: 682px) 100vw, 682px\" \/>\t\t\t\t\t\t\t\t\t\t\t\t\t\t\t<\/div>\n\t\t\t\t<\/div>\n\t\t\t\t<\/div>\n\t\t<div class=\"elementor-element elementor-element-bb40cca e-con-full e-flex e-con e-child\" data-id=\"bb40cca\" data-element_type=\"container\" data-e-type=\"container\">\n\t\t\t\t<div class=\"elementor-element elementor-element-ec1b031 elementor-widget elementor-widget-text-editor\" data-id=\"ec1b031\" data-element_type=\"widget\" data-e-type=\"widget\" data-widget_type=\"text-editor.default\">\n\t\t\t\t<div class=\"elementor-widget-container\">\n\t\t\t\t\t\t\t\t\t<p><a href=\"https:\/\/www.bionosticfelinos.com.br\/index.php\/exames-laboratorias\/\">&lt; voltar exames laboratoriais<\/a><\/p>\t\t\t\t\t\t\t\t<\/div>\n\t\t\t\t<\/div>\n\t\t<div class=\"elementor-element elementor-element-e735fca e-con-full e-flex e-con e-child\" data-id=\"e735fca\" data-element_type=\"container\" data-e-type=\"container\" data-settings=\"{&quot;background_background&quot;:&quot;classic&quot;}\">\n\t\t\t\t<div class=\"elementor-element elementor-element-395d5ad elementor-widget elementor-widget-heading\" data-id=\"395d5ad\" data-element_type=\"widget\" data-e-type=\"widget\" data-widget_type=\"heading.default\">\n\t\t\t\t<div class=\"elementor-widget-container\">\n\t\t\t\t\t<h2 class=\"elementor-heading-title elementor-size-default\">SOROLOGIA DE RAIVA<\/h2>\t\t\t\t<\/div>\n\t\t\t\t<\/div>\n\t\t\t\t<\/div>\n\t\t\t\t<div class=\"elementor-element elementor-element-8c4e53a elementor-widget elementor-widget-text-editor\" data-id=\"8c4e53a\" data-element_type=\"widget\" data-e-type=\"widget\" data-widget_type=\"text-editor.default\">\n\t\t\t\t<div class=\"elementor-widget-container\">\n\t\t\t\t\t\t\t\t\t<p>Vai viajar com seu pet para fora do Brasil? O exame de Sorologia para Raiva pode ser obrigat\u00f3rio para alguns destinos, complementando a documenta\u00e7\u00e3o do paciente para a viagem internacional. Essa exig\u00eancia visa atender \u00e0 preven\u00e7\u00e3o e controle dessa zoonose.<\/p><p>Para evitar transtornos, \u00e9 importante que voc\u00ea entenda bem sobre as etapas pr\u00e9-anal\u00edticas, anal\u00edticas e p\u00f3s-anal\u00edticas relacionadas com esse exame. O planejamento da viagem do paciente vai depender diretamente do resultado da sorologia de raiva e dos prazos relacionados.<\/p><p><strong>O que fazer antes da viagem?<\/strong><\/p><p>Entender claramente as exig\u00eancias do pa\u00eds de destino para o tr\u00e2nsito de c\u00e3es e gatos \u00e9 uma das etapas mais importantes. A an\u00e1lise sorol\u00f3gica para raiva \u00e9 apenas um dos requisitos sanit\u00e1rios exigidos e pode inclusive n\u00e3o ser t\u00f3pico obrigat\u00f3rio para determinado pa\u00eds. Certifique de que n\u00e3o h\u00e1 restri\u00e7\u00e3o para a ra\u00e7a do c\u00e3o\/gato no pa\u00eds de destino. Para informa\u00e7\u00f5es sobre exig\u00eancias e documenta\u00e7\u00e3o para viagem internacional de c\u00e3es e gatos, consultar o Minist\u00e9rio da Agricultura e Pecu\u00e1ria (MAPA) no link abaixo:<br \/><br \/>https:\/\/www.gov.br\/agricultura\/pt-br\/assuntos\/vigilancia-agropecuaria\/animais-estimacao\/sair-do-brasil\/sair-do-brasil<\/p>\t\t\t\t\t\t\t\t<\/div>\n\t\t\t\t<\/div>\n\t\t\t\t<\/div>\n\t\t\t\t\t<\/div>\n\t\t\t\t<\/div>\n\t\t<div class=\"elementor-element elementor-element-4f07218 e-flex e-con-boxed e-con e-parent\" data-id=\"4f07218\" data-element_type=\"container\" data-e-type=\"container\">\n\t\t\t\t\t<div class=\"e-con-inner\">\n\t\t\t\t<div class=\"elementor-element elementor-element-1019cd5 elementor-widget elementor-widget-text-editor\" data-id=\"1019cd5\" data-element_type=\"widget\" data-e-type=\"widget\" data-widget_type=\"text-editor.default\">\n\t\t\t\t<div class=\"elementor-widget-container\">\n\t\t\t\t\t\t\t\t\t<p><strong>&#8211; IMPLANTA\u00c7\u00c3O DE MICROCHIP:<\/strong><\/p><p>A identifica\u00e7\u00e3o do paciente via microchip \u00e9 obrigat\u00f3ria, este dever\u00e1 atender aos padr\u00f5es ISO 11784 ou 11785 (15 d\u00edgitos). Certifique-se de o dispositivo est\u00e1 produzindo a leitura dos n\u00fameros ap\u00f3s a implanta\u00e7\u00e3o. Se o pet j\u00e1 tiver microchip implantado, verifique o padr\u00e3o e fa\u00e7a leitura para verificar se atende a especifica\u00e7\u00e3o. Em caso de falha, este dever\u00e1 ser substitu\u00eddo por um novo.<\/p><p><strong>\u2013 VACINA\u00c7\u00c3O ANTI R\u00c1BICA:<\/strong><\/p><p>O paciente deve ter no m\u00ednimo 12 semanas de vida antes da vacina\u00e7\u00e3o antirr\u00e1bica. A vacina deve ser aplicada em data posterior ou no mesmo dia da implanta\u00e7\u00e3o do microchip. A vacina\u00e7\u00e3o realizada antes da microchipagem n\u00e3o \u00e9 v\u00e1lida para efeitos de emiss\u00e3o de CVI e dever\u00e1 ser refeita ap\u00f3s implanta\u00e7\u00e3o do dispositivo, mesmo que esteja dentro do per\u00edodo de efetividade. Ap\u00f3s aplicada, a imuniza\u00e7\u00e3o deve cobrir todo o per\u00edodo at\u00e9 chegada do animal ao pa\u00eds de destino, e o refor\u00e7o vacinal deve ser mantido em dia. A vacina\u00e7\u00e3o deve constar na carteirinha de vacina\u00e7\u00e3o: selo da vacina (fabricante, n\u00famero do lote e data de validade), data, carimbo e assinatura do M\u00e9dico Veterin\u00e1rio.<\/p><p>Aten\u00e7\u00e3o para pa\u00edses\/regi\u00f5es que demandam pelo menos duas doses de vacina antirr\u00e1bica antes da sorologia de raiva (ex. Jap\u00e3o, China, Taiwan e Hawaii). Para essas situa\u00e7\u00f5es espec\u00edficas, a segunda dose de vacina pode ser aplicada pelo menos 30 dias ap\u00f3s a primeira ou dentro do per\u00edodo de efetividade da primeira vacina\u00e7\u00e3o.<\/p><p>Aguardar no m\u00ednimo 30 dias ap\u00f3s a vacina\u00e7\u00e3o antirr\u00e1bica para coletar amostra para o teste garantindo a soroconvers\u00e3o. A partir desse per\u00edodo, a amostra pode ser coletada a qualquer momento desde que dentro do<\/p><p>per\u00edodo de validade do imunizante. Para pa\u00edses \/regi\u00f5es que demandam duas doses de vacina, a coleta da amostra pode ser feita no mesmo dia da segunda dose ou dentro do per\u00edodo de validade do imunizante.<\/p><p>Ap\u00f3s a coleta o paciente passar\u00e1 por uma \u201cquarentena\u201d de no m\u00ednimo 90 dias, n\u00e3o podendo viajra antes deste prazo. Verifique a especifica\u00e7\u00e3o do destino desejado.<\/p><p>Hem\u00f3lise, lipemia, icter\u00edcia e uso de algumas medica\u00e7\u00f5es s\u00e3o interferentes que podem inviabilizar a realiza\u00e7\u00e3o do exame.<\/p><p><strong>ENVIO DE AMOSTRA AO LABORAT\u00d3RIO:<\/strong><\/p><p>Enviar juntamente com a amostra o formul\u00e1rio de envio de amostra espec\u00edfico com os dados do paciente.<\/p><p>O formul\u00e1rio dever\u00e1 estar impresso e deve ser assinado e carimbado pelo m\u00e9dico veterin\u00e1rio e enviado juntamente com a c\u00f3pia da carteira de vacina\u00e7\u00e3o (capa da carteirinha, com a identifica\u00e7\u00e3o do paciente, data de nascimento e conte\u00fado, \u00faltima vacina antirr\u00e1bica), c\u00f3pia do certificado de implanta\u00e7\u00e3o do microchip e amostra. Aten\u00e7\u00e3o aos dados enviados, pois ap\u00f3s a emiss\u00e3o n\u00e3o \u00e9 poss\u00edvel realizar altera\u00e7\u00f5es dos dados e novo exame, com um novo custo dever\u00e1 ser refeito. (Normativa, n\u00e3o \u00e9 poss\u00edvel a retifica\u00e7\u00e3o de dados do exame)<\/p><p>Amostra: Soro (sem hem\u00f3lise\/icter\u00edcia\/lipemia), volume m\u00ednimo 1 mL. Envio sob refrigera\u00e7\u00e3o (2-8\u00b0C).<\/p><p>A amostra, requisi\u00e7\u00e3o e c\u00f3pias dos documentos devem chegar ao laborat\u00f3rio, em no m\u00e1ximo, 10 dias ap\u00f3s a data de coleta.<\/p><p><strong>ATEN\u00c7\u00c3O:<\/strong><\/p><p><strong>O t\u00edtulo m\u00ednimo aceito para viagem internacional \u00e9 0,5 UI\/mL. Com resultado inferior a 0,5 UI\/mL<\/strong>, o animal n\u00e3o poder\u00e1 viajar. O animal deve ser novamente vacinado e aguardar novo per\u00edodo de 30 dias at\u00e9 coletar nova amostra e novo exame com novo prazo e pagamento dever\u00e1 ser realizado. Veja abaixo alguns dos principais motivos:<\/p><p><strong>\u2013 Falhas na vacina\u00e7\u00e3o contra raiva em c\u00e3es e gatos<\/strong>\u00a0podem ocorrer por v\u00e1rios fatores ligados ao animal ou \u00e0 vacina.<\/p><p><strong>\u2013 Interfer\u00eancia pr\u00e9-anal\u00edtica de amostra:<\/strong>\u00a0hem\u00f3lise, lipemia e icter\u00edcia s\u00e3o interferentes que podem invalidar o teste.<\/p><p><strong>\u2013 Primeira vacina:<\/strong>\u00a0o n\u00famero de doses recebidas tamb\u00e9m \u00e9 um fator que pode interferir na titula\u00e7\u00e3o.) A primovacina\u00e7\u00e3o \u00e9 a principal situa\u00e7\u00e3o implicada em resultados insatisfat\u00f3rios &lt;0,5 UI\/Ml.<\/p><p><strong>\u2013 Data de vacina\u00e7\u00e3o e coleta de amostra:<\/strong>\u00a0al\u00e9m de ser impeditiva para a viagem, a coleta de amostra antes de 4 semanas ap\u00f3s a aplica\u00e7\u00e3o da vacina produz efeito significativo na falha no teste FAVN para c\u00e3es e gatos<\/p><p><strong>\u2013 Fatores intr\u00ednsecos ao animal:<\/strong>\u00a0a condi\u00e7\u00e3o de sa\u00fade do animal no momento da imuniza\u00e7\u00e3o \u00e9 fator determinante para a efic\u00e1cia da reposta vacinal<\/p>\t\t\t\t\t\t\t\t<\/div>\n\t\t\t\t<\/div>\n\t\t\t\t\t<\/div>\n\t\t\t\t<\/div>\n\t\t\t\t<\/div>\n\t\t","protected":false},"excerpt":{"rendered":"<p>&lt; voltar exames laboratoriais SOROLOGIA DE RAIVA Vai viajar com seu pet para fora do Brasil? O exame de Sorologia para Raiva [&hellip;]<\/p>\n","protected":false},"author":2,"featured_media":0,"parent":0,"menu_order":0,"comment_status":"closed","ping_status":"closed","template":"elementor_header_footer","meta":{"footnotes":""},"class_list":["post-651","page","type-page","status-publish","hentry"],"_links":{"self":[{"href":"https:\/\/www.bionosticfelinos.com.br\/index.php\/wp-json\/wp\/v2\/pages\/651","targetHints":{"allow":["GET"]}}],"collection":[{"href":"https:\/\/www.bionosticfelinos.com.br\/index.php\/wp-json\/wp\/v2\/pages"}],"about":[{"href":"https:\/\/www.bionosticfelinos.com.br\/index.php\/wp-json\/wp\/v2\/types\/page"}],"author":[{"embeddable":true,"href":"https:\/\/www.bionosticfelinos.com.br\/index.php\/wp-json\/wp\/v2\/users\/2"}],"replies":[{"embeddable":true,"href":"https:\/\/www.bionosticfelinos.com.br\/index.php\/wp-json\/wp\/v2\/comments?post=651"}],"version-history":[{"count":10,"href":"https:\/\/www.bionosticfelinos.com.br\/index.php\/wp-json\/wp\/v2\/pages\/651\/revisions"}],"predecessor-version":[{"id":716,"href":"https:\/\/www.bionosticfelinos.com.br\/index.php\/wp-json\/wp\/v2\/pages\/651\/revisions\/716"}],"wp:attachment":[{"href":"https:\/\/www.bionosticfelinos.com.br\/index.php\/wp-json\/wp\/v2\/media?parent=651"}],"curies":[{"name":"wp","href":"https:\/\/api.w.org\/{rel}","templated":true}]}}