{"id":589,"date":"2026-01-16T12:56:02","date_gmt":"2026-01-16T15:56:02","guid":{"rendered":"https:\/\/www.bionosticfelinos.com.br\/?page_id=589"},"modified":"2026-01-22T08:25:38","modified_gmt":"2026-01-22T11:25:38","slug":"afericao-de-pressao-arterial","status":"publish","type":"page","link":"https:\/\/www.bionosticfelinos.com.br\/index.php\/exames-por-imagem\/afericao-de-pressao-arterial\/","title":{"rendered":"AFERI\u00c7\u00c3O DE PRESS\u00c3O ARTERIAL"},"content":{"rendered":"\t\t<div data-elementor-type=\"wp-page\" data-elementor-id=\"589\" class=\"elementor elementor-589\">\n\t\t\t\t<div class=\"elementor-element elementor-element-f9b105a e-flex e-con-boxed e-con e-parent\" data-id=\"f9b105a\" data-element_type=\"container\" data-e-type=\"container\">\n\t\t\t\t\t<div class=\"e-con-inner\">\n\t\t<div class=\"elementor-element elementor-element-11526c2 e-con-full e-flex e-con e-child\" data-id=\"11526c2\" data-element_type=\"container\" data-e-type=\"container\">\n\t\t\t\t<div class=\"elementor-element elementor-element-43672f5 elementor-widget elementor-widget-image\" data-id=\"43672f5\" data-element_type=\"widget\" data-e-type=\"widget\" data-widget_type=\"image.default\">\n\t\t\t\t<div class=\"elementor-widget-container\">\n\t\t\t\t\t\t\t\t\t\t\t\t\t\t\t<img fetchpriority=\"high\" decoding=\"async\" width=\"682\" height=\"1024\" src=\"https:\/\/www.bionosticfelinos.com.br\/wp-content\/uploads\/2026\/01\/imagem-da-afericao-de-pressao-arterial-682x1024.jpg\" class=\"attachment-large size-large wp-image-681\" alt=\"\" srcset=\"https:\/\/www.bionosticfelinos.com.br\/wp-content\/uploads\/2026\/01\/imagem-da-afericao-de-pressao-arterial-682x1024.jpg 682w, https:\/\/www.bionosticfelinos.com.br\/wp-content\/uploads\/2026\/01\/imagem-da-afericao-de-pressao-arterial-200x300.jpg 200w, https:\/\/www.bionosticfelinos.com.br\/wp-content\/uploads\/2026\/01\/imagem-da-afericao-de-pressao-arterial-230x345.jpg 230w, https:\/\/www.bionosticfelinos.com.br\/wp-content\/uploads\/2026\/01\/imagem-da-afericao-de-pressao-arterial-350x525.jpg 350w, https:\/\/www.bionosticfelinos.com.br\/wp-content\/uploads\/2026\/01\/imagem-da-afericao-de-pressao-arterial-480x720.jpg 480w, https:\/\/www.bionosticfelinos.com.br\/wp-content\/uploads\/2026\/01\/imagem-da-afericao-de-pressao-arterial.jpg 685w\" sizes=\"(max-width: 682px) 100vw, 682px\" \/>\t\t\t\t\t\t\t\t\t\t\t\t\t\t\t<\/div>\n\t\t\t\t<\/div>\n\t\t\t\t<\/div>\n\t\t<div class=\"elementor-element elementor-element-bb40cca e-con-full e-flex e-con e-child\" data-id=\"bb40cca\" data-element_type=\"container\" data-e-type=\"container\">\n\t\t\t\t<div class=\"elementor-element elementor-element-ec1b031 elementor-widget elementor-widget-text-editor\" data-id=\"ec1b031\" data-element_type=\"widget\" data-e-type=\"widget\" data-widget_type=\"text-editor.default\">\n\t\t\t\t<div class=\"elementor-widget-container\">\n\t\t\t\t\t\t\t\t\t<p><a href=\"https:\/\/www.bionosticfelinos.com.br\/index.php\/exames-por-imagem\/\">&lt; voltar exames por imagem<\/a><\/p>\t\t\t\t\t\t\t\t<\/div>\n\t\t\t\t<\/div>\n\t\t<div class=\"elementor-element elementor-element-e735fca e-con-full e-flex e-con e-child\" data-id=\"e735fca\" data-element_type=\"container\" data-e-type=\"container\" data-settings=\"{&quot;background_background&quot;:&quot;classic&quot;}\">\n\t\t\t\t<div class=\"elementor-element elementor-element-395d5ad elementor-widget elementor-widget-heading\" data-id=\"395d5ad\" data-element_type=\"widget\" data-e-type=\"widget\" data-widget_type=\"heading.default\">\n\t\t\t\t<div class=\"elementor-widget-container\">\n\t\t\t\t\t<h2 class=\"elementor-heading-title elementor-size-default\">AFERI\u00c7\u00c3O DE PRESS\u00c3O<br \/>\nARTERIAL<\/h2>\t\t\t\t<\/div>\n\t\t\t\t<\/div>\n\t\t\t\t<\/div>\n\t\t\t\t<div class=\"elementor-element elementor-element-8c4e53a elementor-widget elementor-widget-text-editor\" data-id=\"8c4e53a\" data-element_type=\"widget\" data-e-type=\"widget\" data-widget_type=\"text-editor.default\">\n\t\t\t\t<div class=\"elementor-widget-container\">\n\t\t\t\t\t\t\t\t\t<p><strong>A Avalia\u00e7\u00e3o de Risco Cardiovascular R\u00e1pida e Sem Estresse para o Paciente<\/strong><\/p><p>Exame de aferi\u00e7\u00e3o da press\u00e3o arterial \u00e9 crucial por se tratar de um indicador direto da sa\u00fade cardiovascular e renal dos pacientes. N\u00edveis press\u00f3ricos anormais, sejam eles hipertens\u00e3o ou hipotens\u00e3o, podem evoluir de forma assintom\u00e1tica, causando les\u00f5es irrevers\u00edveis em \u00f3rg\u00e3os vitais. Nosso foco neste exame \u00e9 realizar uma avalia\u00e7\u00e3o r\u00e1pida, indolor e padronizada em um ambiente tranquilo, mitigando o risco de leituras elevadas induzidas pelo estresse.<\/p><p>A hipertens\u00e3o arterial sist\u00eamica \u00e9 uma comorbidade prim\u00e1ria ou secund\u00e1ria de alto risco na cl\u00ednica veterin\u00e1ria. Sua detec\u00e7\u00e3o precoce \u00e9 vital para prevenir danos progressivos e muitas vezes fatais.<\/p><p>O exame de Aferi\u00e7\u00e3o da Press\u00e3o Arterial \u00e9 indispens\u00e1vel para:<\/p><p><strong>\u00b7 Rastreio de Nefropatias:<\/strong>\u00a0A hipertens\u00e3o \u00e9 um fator agravante e consequ\u00eancia comum da Doen\u00e7a Renal Cr\u00f4nica (DRC), exigindo monitoramento rigoroso.<br \/><strong>\u00b7 Sa\u00fade Ocular:<\/strong>\u00a0Preven\u00e7\u00e3o de retinopatias e cegueira s\u00fabita, frequentemente associadas a picos hipertensivos.<br \/><strong>\u00b7 Avalia\u00e7\u00e3o Neurol\u00f3gica e Card\u00edaca:<\/strong>\u00a0Detec\u00e7\u00e3o de risco para eventos isqu\u00eamicos (cerebrais) e sobrecarga card\u00edaca (hipertrofia ventricular).<br \/><strong>\u00b7 Seguran\u00e7a Anest\u00e9sica:<\/strong>\u00a0Monitoramento cont\u00ednuo da estabilidade circulat\u00f3ria de pacientes durante procedimentos cir\u00fargicos.<\/p><p>A avalia\u00e7\u00e3o da press\u00e3o arterial faz parte do protocolo de sa\u00fade preventiva e \u00e9 altamente recomendada para:<\/p><p>\u00b7\u00a0<strong>Todos os pacientes geri\u00e1tricos<\/strong>\u00a0(c\u00e3es e gatos a partir dos 7 anos).<br \/>\u00b7 Pacientes com diagn\u00f3stico pr\u00e9vio de\u00a0<strong>Doen\u00e7as End\u00f3crinas<\/strong>\u00a0(Diabetes, Hipertireoidismo, Hiperadrenocorticismo).<br \/>\u00b7 Animais com hist\u00f3rico ou suspeita de\u00a0<strong>Doen\u00e7a Renal Cr\u00f4nica<\/strong>\u00a0(DRC).<br \/>\u00b7 Pacientes em\u00a0<strong>monitoramento de terapia anti-hipertensiva.<\/strong><br \/>\u00b7 Pacientes em\u00a0<strong>estado cr\u00edtico ou sob seda\u00e7\u00e3o\/anestesia.<\/strong><\/p>\t\t\t\t\t\t\t\t<\/div>\n\t\t\t\t<\/div>\n\t\t\t\t<\/div>\n\t\t\t\t\t<\/div>\n\t\t\t\t<\/div>\n\t\t\t\t<\/div>\n\t\t","protected":false},"excerpt":{"rendered":"<p>&lt; voltar exames por imagem AFERI\u00c7\u00c3O DE PRESS\u00c3O ARTERIAL A Avalia\u00e7\u00e3o de Risco Cardiovascular R\u00e1pida e Sem Estresse para o Paciente Exame [&hellip;]<\/p>\n","protected":false},"author":2,"featured_media":0,"parent":397,"menu_order":0,"comment_status":"closed","ping_status":"closed","template":"elementor_header_footer","meta":{"footnotes":""},"class_list":["post-589","page","type-page","status-publish","hentry"],"_links":{"self":[{"href":"https:\/\/www.bionosticfelinos.com.br\/index.php\/wp-json\/wp\/v2\/pages\/589","targetHints":{"allow":["GET"]}}],"collection":[{"href":"https:\/\/www.bionosticfelinos.com.br\/index.php\/wp-json\/wp\/v2\/pages"}],"about":[{"href":"https:\/\/www.bionosticfelinos.com.br\/index.php\/wp-json\/wp\/v2\/types\/page"}],"author":[{"embeddable":true,"href":"https:\/\/www.bionosticfelinos.com.br\/index.php\/wp-json\/wp\/v2\/users\/2"}],"replies":[{"embeddable":true,"href":"https:\/\/www.bionosticfelinos.com.br\/index.php\/wp-json\/wp\/v2\/comments?post=589"}],"version-history":[{"count":10,"href":"https:\/\/www.bionosticfelinos.com.br\/index.php\/wp-json\/wp\/v2\/pages\/589\/revisions"}],"predecessor-version":[{"id":684,"href":"https:\/\/www.bionosticfelinos.com.br\/index.php\/wp-json\/wp\/v2\/pages\/589\/revisions\/684"}],"up":[{"embeddable":true,"href":"https:\/\/www.bionosticfelinos.com.br\/index.php\/wp-json\/wp\/v2\/pages\/397"}],"wp:attachment":[{"href":"https:\/\/www.bionosticfelinos.com.br\/index.php\/wp-json\/wp\/v2\/media?parent=589"}],"curies":[{"name":"wp","href":"https:\/\/api.w.org\/{rel}","templated":true}]}}