{"id":551,"date":"2026-01-16T11:49:17","date_gmt":"2026-01-16T14:49:17","guid":{"rendered":"https:\/\/www.bionosticfelinos.com.br\/?page_id=551"},"modified":"2026-01-22T08:27:39","modified_gmt":"2026-01-22T11:27:39","slug":"preparo-do-paciente-para-coleta-de-amostras-para-microbiologia","status":"publish","type":"page","link":"https:\/\/www.bionosticfelinos.com.br\/index.php\/coletas\/preparo-do-paciente-para-coleta-de-amostras-para-microbiologia\/","title":{"rendered":"Preparo do paciente para coleta de amostras para microbiologia"},"content":{"rendered":"\t\t<div data-elementor-type=\"wp-page\" data-elementor-id=\"551\" class=\"elementor elementor-551\">\n\t\t\t\t<div class=\"elementor-element elementor-element-f9b105a e-flex e-con-boxed e-con e-parent\" data-id=\"f9b105a\" data-element_type=\"container\" data-e-type=\"container\">\n\t\t\t\t\t<div class=\"e-con-inner\">\n\t\t<div class=\"elementor-element elementor-element-11526c2 e-con-full e-flex e-con e-child\" data-id=\"11526c2\" data-element_type=\"container\" data-e-type=\"container\">\n\t\t\t\t<div class=\"elementor-element elementor-element-0304573 elementor-widget elementor-widget-image\" data-id=\"0304573\" data-element_type=\"widget\" data-e-type=\"widget\" data-widget_type=\"image.default\">\n\t\t\t\t<div class=\"elementor-widget-container\">\n\t\t\t\t\t\t\t\t\t\t\t\t\t\t\t<img fetchpriority=\"high\" decoding=\"async\" width=\"682\" height=\"1024\" src=\"https:\/\/www.bionosticfelinos.com.br\/wp-content\/uploads\/2026\/01\/imagem-da-preparo-do-paciente-para-coleta-de-amostras-para-microbilogia-682x1024.jpg\" class=\"attachment-large size-large wp-image-693\" alt=\"\" srcset=\"https:\/\/www.bionosticfelinos.com.br\/wp-content\/uploads\/2026\/01\/imagem-da-preparo-do-paciente-para-coleta-de-amostras-para-microbilogia-682x1024.jpg 682w, https:\/\/www.bionosticfelinos.com.br\/wp-content\/uploads\/2026\/01\/imagem-da-preparo-do-paciente-para-coleta-de-amostras-para-microbilogia-200x300.jpg 200w, https:\/\/www.bionosticfelinos.com.br\/wp-content\/uploads\/2026\/01\/imagem-da-preparo-do-paciente-para-coleta-de-amostras-para-microbilogia-230x345.jpg 230w, https:\/\/www.bionosticfelinos.com.br\/wp-content\/uploads\/2026\/01\/imagem-da-preparo-do-paciente-para-coleta-de-amostras-para-microbilogia-350x525.jpg 350w, https:\/\/www.bionosticfelinos.com.br\/wp-content\/uploads\/2026\/01\/imagem-da-preparo-do-paciente-para-coleta-de-amostras-para-microbilogia-480x720.jpg 480w, https:\/\/www.bionosticfelinos.com.br\/wp-content\/uploads\/2026\/01\/imagem-da-preparo-do-paciente-para-coleta-de-amostras-para-microbilogia.jpg 685w\" sizes=\"(max-width: 682px) 100vw, 682px\" \/>\t\t\t\t\t\t\t\t\t\t\t\t\t\t\t<\/div>\n\t\t\t\t<\/div>\n\t\t\t\t<\/div>\n\t\t<div class=\"elementor-element elementor-element-bb40cca e-con-full e-flex e-con e-child\" data-id=\"bb40cca\" data-element_type=\"container\" data-e-type=\"container\">\n\t\t\t\t<div class=\"elementor-element elementor-element-ec1b031 elementor-widget elementor-widget-text-editor\" data-id=\"ec1b031\" data-element_type=\"widget\" data-e-type=\"widget\" data-widget_type=\"text-editor.default\">\n\t\t\t\t<div class=\"elementor-widget-container\">\n\t\t\t\t\t\t\t\t\t<p><a href=\"https:\/\/www.bionosticfelinos.com.br\/index.php\/coletas\/\">&lt; voltar coletas<\/a><\/p>\t\t\t\t\t\t\t\t<\/div>\n\t\t\t\t<\/div>\n\t\t<div class=\"elementor-element elementor-element-e735fca e-con-full e-flex e-con e-child\" data-id=\"e735fca\" data-element_type=\"container\" data-e-type=\"container\" data-settings=\"{&quot;background_background&quot;:&quot;classic&quot;}\">\n\t\t\t\t<div class=\"elementor-element elementor-element-395d5ad elementor-widget elementor-widget-heading\" data-id=\"395d5ad\" data-element_type=\"widget\" data-e-type=\"widget\" data-widget_type=\"heading.default\">\n\t\t\t\t<div class=\"elementor-widget-container\">\n\t\t\t\t\t<h2 class=\"elementor-heading-title elementor-size-default\">Preparo do paciente para coleta de amostras para microbiologia<\/h2>\t\t\t\t<\/div>\n\t\t\t\t<\/div>\n\t\t\t\t<\/div>\n\t\t\t\t<div class=\"elementor-element elementor-element-8c4e53a elementor-widget elementor-widget-text-editor\" data-id=\"8c4e53a\" data-element_type=\"widget\" data-e-type=\"widget\" data-widget_type=\"text-editor.default\">\n\t\t\t\t<div class=\"elementor-widget-container\">\n\t\t\t\t\t\t\t\t\t<p>Os exames de cultura visam isolar e identificar o agente etiol\u00f3gico (bact\u00e9ria ou fungo) causador da infec\u00e7\u00e3o, sendo o\u00a0<strong>Antibiograma<\/strong>\u00a0(para bact\u00e9rias) e o\u00a0<strong>Antifungigrama<\/strong>\u00a0(para fungos) cruciais para definir o tratamento espec\u00edfico.<\/p><p>A principal regra para estes exames \u00e9 a\u00a0<strong>m\u00e1xima assepsia<\/strong>\u00a0e a\u00a0<strong>suspens\u00e3o de medicamentos<\/strong>\u00a0que inibem o crescimento do agente.<\/p><p><strong>Suspens\u00e3o de Medicamentos (Fator Cr\u00edtico de Inviabilidade)<\/strong><\/p><p>Para que o Bionostic consiga isolar o agente infeccioso, o paciente n\u00e3o pode estar sob a a\u00e7\u00e3o de f\u00e1rmacos que suprimem seu crescimento.<\/p>\t\t\t\t\t\t\t\t<\/div>\n\t\t\t\t<\/div>\n\t\t\t\t<\/div>\n\t\t\t\t\t<\/div>\n\t\t\t\t<\/div>\n\t\t\t\t<\/div>\n\t\t","protected":false},"excerpt":{"rendered":"<p>&lt; voltar coletas Preparo do paciente para coleta de amostras para microbiologia Os exames de cultura visam isolar e identificar o agente [&hellip;]<\/p>\n","protected":false},"author":2,"featured_media":0,"parent":523,"menu_order":0,"comment_status":"closed","ping_status":"closed","template":"elementor_header_footer","meta":{"footnotes":""},"class_list":["post-551","page","type-page","status-publish","hentry"],"_links":{"self":[{"href":"https:\/\/www.bionosticfelinos.com.br\/index.php\/wp-json\/wp\/v2\/pages\/551","targetHints":{"allow":["GET"]}}],"collection":[{"href":"https:\/\/www.bionosticfelinos.com.br\/index.php\/wp-json\/wp\/v2\/pages"}],"about":[{"href":"https:\/\/www.bionosticfelinos.com.br\/index.php\/wp-json\/wp\/v2\/types\/page"}],"author":[{"embeddable":true,"href":"https:\/\/www.bionosticfelinos.com.br\/index.php\/wp-json\/wp\/v2\/users\/2"}],"replies":[{"embeddable":true,"href":"https:\/\/www.bionosticfelinos.com.br\/index.php\/wp-json\/wp\/v2\/comments?post=551"}],"version-history":[{"count":7,"href":"https:\/\/www.bionosticfelinos.com.br\/index.php\/wp-json\/wp\/v2\/pages\/551\/revisions"}],"predecessor-version":[{"id":696,"href":"https:\/\/www.bionosticfelinos.com.br\/index.php\/wp-json\/wp\/v2\/pages\/551\/revisions\/696"}],"up":[{"embeddable":true,"href":"https:\/\/www.bionosticfelinos.com.br\/index.php\/wp-json\/wp\/v2\/pages\/523"}],"wp:attachment":[{"href":"https:\/\/www.bionosticfelinos.com.br\/index.php\/wp-json\/wp\/v2\/media?parent=551"}],"curies":[{"name":"wp","href":"https:\/\/api.w.org\/{rel}","templated":true}]}}