{"id":547,"date":"2026-01-16T11:48:42","date_gmt":"2026-01-16T14:48:42","guid":{"rendered":"https:\/\/www.bionosticfelinos.com.br\/?page_id=547"},"modified":"2026-01-22T08:29:18","modified_gmt":"2026-01-22T11:29:18","slug":"preparo-do-paciente-para-coleta-de-urina","status":"publish","type":"page","link":"https:\/\/www.bionosticfelinos.com.br\/index.php\/coletas\/preparo-do-paciente-para-coleta-de-urina\/","title":{"rendered":"Preparo do paciente para coleta de urina"},"content":{"rendered":"\t\t<div data-elementor-type=\"wp-page\" data-elementor-id=\"547\" class=\"elementor elementor-547\">\n\t\t\t\t<div class=\"elementor-element elementor-element-f9b105a e-flex e-con-boxed e-con e-parent\" data-id=\"f9b105a\" data-element_type=\"container\" data-e-type=\"container\">\n\t\t\t\t\t<div class=\"e-con-inner\">\n\t\t<div class=\"elementor-element elementor-element-11526c2 e-con-full e-flex e-con e-child\" data-id=\"11526c2\" data-element_type=\"container\" data-e-type=\"container\">\n\t\t\t\t<div class=\"elementor-element elementor-element-81c3eae elementor-widget elementor-widget-image\" data-id=\"81c3eae\" data-element_type=\"widget\" data-e-type=\"widget\" data-widget_type=\"image.default\">\n\t\t\t\t<div class=\"elementor-widget-container\">\n\t\t\t\t\t\t\t\t\t\t\t\t\t\t\t<img fetchpriority=\"high\" decoding=\"async\" width=\"682\" height=\"1024\" src=\"https:\/\/www.bionosticfelinos.com.br\/wp-content\/uploads\/2026\/01\/imagem-da-preparo-do-paciente-para-coleta-de-urina-682x1024.jpg\" class=\"attachment-large size-large wp-image-709\" alt=\"\" srcset=\"https:\/\/www.bionosticfelinos.com.br\/wp-content\/uploads\/2026\/01\/imagem-da-preparo-do-paciente-para-coleta-de-urina-682x1024.jpg 682w, https:\/\/www.bionosticfelinos.com.br\/wp-content\/uploads\/2026\/01\/imagem-da-preparo-do-paciente-para-coleta-de-urina-200x300.jpg 200w, https:\/\/www.bionosticfelinos.com.br\/wp-content\/uploads\/2026\/01\/imagem-da-preparo-do-paciente-para-coleta-de-urina-230x345.jpg 230w, https:\/\/www.bionosticfelinos.com.br\/wp-content\/uploads\/2026\/01\/imagem-da-preparo-do-paciente-para-coleta-de-urina-350x525.jpg 350w, https:\/\/www.bionosticfelinos.com.br\/wp-content\/uploads\/2026\/01\/imagem-da-preparo-do-paciente-para-coleta-de-urina-480x720.jpg 480w, https:\/\/www.bionosticfelinos.com.br\/wp-content\/uploads\/2026\/01\/imagem-da-preparo-do-paciente-para-coleta-de-urina.jpg 685w\" sizes=\"(max-width: 682px) 100vw, 682px\" \/>\t\t\t\t\t\t\t\t\t\t\t\t\t\t\t<\/div>\n\t\t\t\t<\/div>\n\t\t\t\t<\/div>\n\t\t<div class=\"elementor-element elementor-element-bb40cca e-con-full e-flex e-con e-child\" data-id=\"bb40cca\" data-element_type=\"container\" data-e-type=\"container\">\n\t\t\t\t<div class=\"elementor-element elementor-element-5890553 elementor-widget elementor-widget-text-editor\" data-id=\"5890553\" data-element_type=\"widget\" data-e-type=\"widget\" data-widget_type=\"text-editor.default\">\n\t\t\t\t<div class=\"elementor-widget-container\">\n\t\t\t\t\t\t\t\t\t<p><a href=\"https:\/\/www.bionosticfelinos.com.br\/index.php\/coletas\/\">&lt; voltar coletas<\/a><\/p>\t\t\t\t\t\t\t\t<\/div>\n\t\t\t\t<\/div>\n\t\t<div class=\"elementor-element elementor-element-e735fca e-con-full e-flex e-con e-child\" data-id=\"e735fca\" data-element_type=\"container\" data-e-type=\"container\" data-settings=\"{&quot;background_background&quot;:&quot;classic&quot;}\">\n\t\t\t\t<div class=\"elementor-element elementor-element-395d5ad elementor-widget elementor-widget-heading\" data-id=\"395d5ad\" data-element_type=\"widget\" data-e-type=\"widget\" data-widget_type=\"heading.default\">\n\t\t\t\t<div class=\"elementor-widget-container\">\n\t\t\t\t\t<h2 class=\"elementor-heading-title elementor-size-default\">Preparo do paciente para coleta de urina<\/h2>\t\t\t\t<\/div>\n\t\t\t\t<\/div>\n\t\t\t\t<\/div>\n\t\t\t\t<div class=\"elementor-element elementor-element-8c4e53a elementor-widget elementor-widget-text-editor\" data-id=\"8c4e53a\" data-element_type=\"widget\" data-e-type=\"widget\" data-widget_type=\"text-editor.default\">\n\t\t\t\t<div class=\"elementor-widget-container\">\n\t\t\t\t\t\t\t\t\t<p><strong>1. Preparo do Paciente<\/strong><\/p><p><strong>O protocolo de coleta \u00e9 determinado pelo objetivo do exame.<\/strong>\u00a0O preparo \u00e9 o mesmo, independentemente do m\u00e9todo escolhido:<\/p><p>\u00b7 O jejum alimentar n\u00e3o interfere na urin\u00e1lise b\u00e1sica.<br \/>\u00b7 \u00c1gua deve ser oferecida \u00e0 vontade para manter o volume urin\u00e1rio.<br \/>\u00b7 O animal deve estar sem urinar por, no m\u00ednimo, 2 a 4 horas antes do procedimento de coleta (especialmente para Cistocentese ou Cateterismo).<br \/>\u00b7 Deve se colocar a amostra em frasco Coletor Universal Limpo e Seco (dispon\u00edvel em farm\u00e1cias ou no Bionostic).<\/p>\t\t\t\t\t\t\t\t<\/div>\n\t\t\t\t<\/div>\n\t\t\t\t<\/div>\n\t\t\t\t\t<\/div>\n\t\t\t\t<\/div>\n\t\t\t\t<\/div>\n\t\t","protected":false},"excerpt":{"rendered":"<p>&lt; voltar coletas Preparo do paciente para coleta de urina 1. Preparo do Paciente O protocolo de coleta \u00e9 determinado pelo objetivo [&hellip;]<\/p>\n","protected":false},"author":2,"featured_media":0,"parent":523,"menu_order":0,"comment_status":"closed","ping_status":"closed","template":"elementor_header_footer","meta":{"footnotes":""},"class_list":["post-547","page","type-page","status-publish","hentry"],"_links":{"self":[{"href":"https:\/\/www.bionosticfelinos.com.br\/index.php\/wp-json\/wp\/v2\/pages\/547","targetHints":{"allow":["GET"]}}],"collection":[{"href":"https:\/\/www.bionosticfelinos.com.br\/index.php\/wp-json\/wp\/v2\/pages"}],"about":[{"href":"https:\/\/www.bionosticfelinos.com.br\/index.php\/wp-json\/wp\/v2\/types\/page"}],"author":[{"embeddable":true,"href":"https:\/\/www.bionosticfelinos.com.br\/index.php\/wp-json\/wp\/v2\/users\/2"}],"replies":[{"embeddable":true,"href":"https:\/\/www.bionosticfelinos.com.br\/index.php\/wp-json\/wp\/v2\/comments?post=547"}],"version-history":[{"count":7,"href":"https:\/\/www.bionosticfelinos.com.br\/index.php\/wp-json\/wp\/v2\/pages\/547\/revisions"}],"predecessor-version":[{"id":712,"href":"https:\/\/www.bionosticfelinos.com.br\/index.php\/wp-json\/wp\/v2\/pages\/547\/revisions\/712"}],"up":[{"embeddable":true,"href":"https:\/\/www.bionosticfelinos.com.br\/index.php\/wp-json\/wp\/v2\/pages\/523"}],"wp:attachment":[{"href":"https:\/\/www.bionosticfelinos.com.br\/index.php\/wp-json\/wp\/v2\/media?parent=547"}],"curies":[{"name":"wp","href":"https:\/\/api.w.org\/{rel}","templated":true}]}}