{"id":543,"date":"2026-01-16T11:48:04","date_gmt":"2026-01-16T14:48:04","guid":{"rendered":"https:\/\/www.bionosticfelinos.com.br\/?page_id=543"},"modified":"2026-01-22T08:26:35","modified_gmt":"2026-01-22T11:26:35","slug":"coleta-a-domicilio","status":"publish","type":"page","link":"https:\/\/www.bionosticfelinos.com.br\/index.php\/coletas\/coleta-a-domicilio\/","title":{"rendered":"Coleta a domic\u00edlio"},"content":{"rendered":"\t\t<div data-elementor-type=\"wp-page\" data-elementor-id=\"543\" class=\"elementor elementor-543\">\n\t\t\t\t<div class=\"elementor-element elementor-element-f9b105a e-flex e-con-boxed e-con e-parent\" data-id=\"f9b105a\" data-element_type=\"container\" data-e-type=\"container\">\n\t\t\t\t\t<div class=\"e-con-inner\">\n\t\t<div class=\"elementor-element elementor-element-11526c2 e-con-full e-flex e-con e-child\" data-id=\"11526c2\" data-element_type=\"container\" data-e-type=\"container\">\n\t\t\t\t<div class=\"elementor-element elementor-element-dcf635d elementor-widget elementor-widget-image\" data-id=\"dcf635d\" data-element_type=\"widget\" data-e-type=\"widget\" data-widget_type=\"image.default\">\n\t\t\t\t<div class=\"elementor-widget-container\">\n\t\t\t\t\t\t\t\t\t\t\t\t\t\t\t<img fetchpriority=\"high\" decoding=\"async\" width=\"682\" height=\"1024\" src=\"https:\/\/www.bionosticfelinos.com.br\/wp-content\/uploads\/2026\/01\/imagem-da-coleta-a-domicilio-682x1024.jpg\" class=\"attachment-large size-large wp-image-685\" alt=\"\" srcset=\"https:\/\/www.bionosticfelinos.com.br\/wp-content\/uploads\/2026\/01\/imagem-da-coleta-a-domicilio-682x1024.jpg 682w, https:\/\/www.bionosticfelinos.com.br\/wp-content\/uploads\/2026\/01\/imagem-da-coleta-a-domicilio-200x300.jpg 200w, https:\/\/www.bionosticfelinos.com.br\/wp-content\/uploads\/2026\/01\/imagem-da-coleta-a-domicilio-230x345.jpg 230w, https:\/\/www.bionosticfelinos.com.br\/wp-content\/uploads\/2026\/01\/imagem-da-coleta-a-domicilio-350x525.jpg 350w, https:\/\/www.bionosticfelinos.com.br\/wp-content\/uploads\/2026\/01\/imagem-da-coleta-a-domicilio-480x720.jpg 480w, https:\/\/www.bionosticfelinos.com.br\/wp-content\/uploads\/2026\/01\/imagem-da-coleta-a-domicilio.jpg 685w\" sizes=\"(max-width: 682px) 100vw, 682px\" \/>\t\t\t\t\t\t\t\t\t\t\t\t\t\t\t<\/div>\n\t\t\t\t<\/div>\n\t\t\t\t<\/div>\n\t\t<div class=\"elementor-element elementor-element-bb40cca e-con-full e-flex e-con e-child\" data-id=\"bb40cca\" data-element_type=\"container\" data-e-type=\"container\">\n\t\t\t\t<div class=\"elementor-element elementor-element-ec1b031 elementor-widget elementor-widget-text-editor\" data-id=\"ec1b031\" data-element_type=\"widget\" data-e-type=\"widget\" data-widget_type=\"text-editor.default\">\n\t\t\t\t<div class=\"elementor-widget-container\">\n\t\t\t\t\t\t\t\t\t<p><a href=\"https:\/\/www.bionosticfelinos.com.br\/index.php\/coletas\/\">&lt; voltar coletas<\/a><\/p>\t\t\t\t\t\t\t\t<\/div>\n\t\t\t\t<\/div>\n\t\t<div class=\"elementor-element elementor-element-e735fca e-con-full e-flex e-con e-child\" data-id=\"e735fca\" data-element_type=\"container\" data-e-type=\"container\" data-settings=\"{&quot;background_background&quot;:&quot;classic&quot;}\">\n\t\t\t\t<div class=\"elementor-element elementor-element-395d5ad elementor-widget elementor-widget-heading\" data-id=\"395d5ad\" data-element_type=\"widget\" data-e-type=\"widget\" data-widget_type=\"heading.default\">\n\t\t\t\t<div class=\"elementor-widget-container\">\n\t\t\t\t\t<h2 class=\"elementor-heading-title elementor-size-default\">Coleta a domic\u00edlio<\/h2>\t\t\t\t<\/div>\n\t\t\t\t<\/div>\n\t\t\t\t<\/div>\n\t\t\t\t<div class=\"elementor-element elementor-element-8c4e53a elementor-widget elementor-widget-text-editor\" data-id=\"8c4e53a\" data-element_type=\"widget\" data-e-type=\"widget\" data-widget_type=\"text-editor.default\">\n\t\t\t\t<div class=\"elementor-widget-container\">\n\t\t\t\t\t\t\t\t\t<p><strong>Coleta a Domic\u00edlio: A Excel\u00eancia do Bionostic com Conforto e Zero Estresse<\/strong><\/p><p>Pensando no bem-estar integral do paciente e na conveni\u00eancia dos tutores, o Bionostic oferece o servi\u00e7o de Coleta de Exames a Domic\u00edlio. Este diferencial n\u00e3o \u00e9 apenas sobre comodidade, mas uma estrat\u00e9gia para garantir a m\u00e1xima qualidade dos resultados diagn\u00f3sticos.<\/p><p>Por que Coletar em Casa? A Ci\u00eancia por Tr\u00e1s do Conforto<\/p><p><strong>\u00b7 Minimiza\u00e7\u00e3o do Estresse:<\/strong>\u00a0O paciente com tendencia a se estressar ao sair de casa, permanece calmo e seguro, mitigando o risco de altera\u00e7\u00f5es por estresse que falseiam os resultados<br \/><strong>\u00b7 Pacientes com Problemas de Locomo\u00e7\u00e3o:<\/strong>\u00a0Pets idosos, ortop\u00e9dicos, com defici\u00eancia motora ou em recupera\u00e7\u00e3o p\u00f3s-cir\u00fargica, que teriam seu quadro agravado pelo deslocamento.<br \/><strong>\u00b7 Tutores com Rotina Restrita:<\/strong>\u00a0Garantimos que a necessidade de diagn\u00f3stico n\u00e3o seja adiada, oferecendo flexibilidade para quem n\u00e3o possui tempo h\u00e1bil para vir at\u00e9 nossa unidade.<br \/><strong>\u00b7 Animais Geri\u00e1tricos ou de Dif\u00edcil Manejo:<\/strong>\u00a0Minimiza o trauma do transporte e o estresse da conten\u00e7\u00e3o em um ambiente estranho.<\/p><p><strong>Padr\u00e3o Bionostic Levado At\u00e9 Voc\u00ea<\/strong><\/p><p>Nossa equipe m\u00f3vel de coleta segue os mesmos protocolos rigorosos de Boas Pr\u00e1ticas Laboratoriais (BPL) aplicados em nossa sede:<\/p><p><strong>1. Agendamento Facilitado:<\/strong>\u00a0Servi\u00e7o programado de acordo com a sua rotina e a necessidade do paciente (como jejum espec\u00edfico).<br \/><strong>2. Profissionais Especializados:<\/strong>\u00a0A coleta \u00e9 realizada por t\u00e9cnicos treinados em conten\u00e7\u00e3o gentil (Low Stress Handling) e t\u00e9cnicas ass\u00e9pticas, utilizando materiais descart\u00e1veis e de alta qualidade.<br \/><strong>3. Integridade da Amostra Garantida:<\/strong>\u00a0Utilizamos caixas isot\u00e9rmicas e kits de coleta padronizados para o correto acondicionamento e transporte imediato das amostras ao laborat\u00f3rio, preservando sua qualidade pr\u00e9-anal\u00edtica.<\/p><p><strong>Com a Coleta a Domic\u00edlio, o Bionostic une a conveni\u00eancia de um servi\u00e7o personalizado \u00e0 precis\u00e3o t\u00e9cnica necess\u00e1ria, garantindo a tranquilidade do seu pet e a confiabilidade do seu diagn\u00f3stico.<\/strong><\/p>\t\t\t\t\t\t\t\t<\/div>\n\t\t\t\t<\/div>\n\t\t\t\t<\/div>\n\t\t\t\t\t<\/div>\n\t\t\t\t<\/div>\n\t\t\t\t<\/div>\n\t\t","protected":false},"excerpt":{"rendered":"<p>&lt; voltar coletas Coleta a domic\u00edlio Coleta a Domic\u00edlio: A Excel\u00eancia do Bionostic com Conforto e Zero Estresse Pensando no bem-estar integral [&hellip;]<\/p>\n","protected":false},"author":2,"featured_media":0,"parent":523,"menu_order":0,"comment_status":"closed","ping_status":"closed","template":"elementor_header_footer","meta":{"footnotes":""},"class_list":["post-543","page","type-page","status-publish","hentry"],"_links":{"self":[{"href":"https:\/\/www.bionosticfelinos.com.br\/index.php\/wp-json\/wp\/v2\/pages\/543","targetHints":{"allow":["GET"]}}],"collection":[{"href":"https:\/\/www.bionosticfelinos.com.br\/index.php\/wp-json\/wp\/v2\/pages"}],"about":[{"href":"https:\/\/www.bionosticfelinos.com.br\/index.php\/wp-json\/wp\/v2\/types\/page"}],"author":[{"embeddable":true,"href":"https:\/\/www.bionosticfelinos.com.br\/index.php\/wp-json\/wp\/v2\/users\/2"}],"replies":[{"embeddable":true,"href":"https:\/\/www.bionosticfelinos.com.br\/index.php\/wp-json\/wp\/v2\/comments?post=543"}],"version-history":[{"count":7,"href":"https:\/\/www.bionosticfelinos.com.br\/index.php\/wp-json\/wp\/v2\/pages\/543\/revisions"}],"predecessor-version":[{"id":688,"href":"https:\/\/www.bionosticfelinos.com.br\/index.php\/wp-json\/wp\/v2\/pages\/543\/revisions\/688"}],"up":[{"embeddable":true,"href":"https:\/\/www.bionosticfelinos.com.br\/index.php\/wp-json\/wp\/v2\/pages\/523"}],"wp:attachment":[{"href":"https:\/\/www.bionosticfelinos.com.br\/index.php\/wp-json\/wp\/v2\/media?parent=543"}],"curies":[{"name":"wp","href":"https:\/\/api.w.org\/{rel}","templated":true}]}}