{"id":523,"date":"2025-12-30T07:50:49","date_gmt":"2025-12-30T10:50:49","guid":{"rendered":"https:\/\/www.bionosticfelinos.com.br\/?page_id=523"},"modified":"2026-01-16T11:55:16","modified_gmt":"2026-01-16T14:55:16","slug":"coletas","status":"publish","type":"page","link":"https:\/\/www.bionosticfelinos.com.br\/index.php\/coletas\/","title":{"rendered":"Coletas"},"content":{"rendered":"\t\t<div data-elementor-type=\"wp-page\" data-elementor-id=\"523\" class=\"elementor elementor-523\">\n\t\t\t\t<div class=\"elementor-element elementor-element-dd4cd17 e-flex e-con-boxed e-con e-parent\" data-id=\"dd4cd17\" data-element_type=\"container\" data-e-type=\"container\" data-settings=\"{&quot;background_background&quot;:&quot;classic&quot;}\">\n\t\t\t\t\t<div class=\"e-con-inner\">\n\t\t\t\t\t<\/div>\n\t\t\t\t<\/div>\n\t\t<div class=\"elementor-element elementor-element-4a9ba3d e-flex e-con-boxed e-con e-parent\" data-id=\"4a9ba3d\" data-element_type=\"container\" data-e-type=\"container\">\n\t\t\t\t\t<div class=\"e-con-inner\">\n\t\t\t\t<div class=\"elementor-element elementor-element-b85528b elementor-widget elementor-widget-heading\" data-id=\"b85528b\" data-element_type=\"widget\" data-e-type=\"widget\" data-widget_type=\"heading.default\">\n\t\t\t\t<div class=\"elementor-widget-container\">\n\t\t\t\t\t<h2 class=\"elementor-heading-title elementor-size-default\">Coleta de Exames: O Ponto Inicial para um Diagn\u00f3stico de Excel\u00eancia<\/h2>\t\t\t\t<\/div>\n\t\t\t\t<\/div>\n\t\t\t\t<div class=\"elementor-element elementor-element-dccf7c5 elementor-widget elementor-widget-text-editor\" data-id=\"dccf7c5\" data-element_type=\"widget\" data-e-type=\"widget\" data-widget_type=\"text-editor.default\">\n\t\t\t\t<div class=\"elementor-widget-container\">\n\t\t\t\t\t\t\t\t\t<p>No Bionostic, a precis\u00e3o diagn\u00f3stica \u00e9 nossa prioridade, e ela se inicia na fase pr\u00e9-anal\u00edtica: a coleta da amostra. Entendemos que a qualidade e a integridade do material biol\u00f3gico s\u00e3o fatores determinantes para a confiabilidade dos resultados de qualquer an\u00e1lise laboratorial.<\/p><p>Nossa equipe \u00e9 altamente treinada e segue protocolos de Boas Pr\u00e1ticas Laboratoriais rigorosos, garantindo que cada amostra \u2014 seja sangue, urina, fezes, ou material para microbiologia ou citologia\u2014 seja colhida de forma ass\u00e9ptica, padronizada e minimamente estressante para o paciente.<\/p><p>A obten\u00e7\u00e3o correta da amostra \u00e9 essencial para evitar resultados falso-positivos, falso-negativos ou a necessidade de recoleta, o que \u00e9 constante na Medicina Veterin\u00e1ria. Com a coleta sendo realizada em uma de nossas unidades asseguramos:<\/p><p><strong>\u00b7 T\u00e9cnicas Padronizadas:<\/strong> Utiliza\u00e7\u00e3o de t\u00e9cnicas espec\u00edficas (ex: pun\u00e7\u00e3o venosa cuidadosa, coleta de urina por Cistocentese, bi\u00f3psias aspirativas) que garantem a representatividade do material.<br \/><strong>\u00b7 Gest\u00e3o de Fatores Pr\u00e9-Anal\u00edticos:<\/strong> Rigoroso controle de vari\u00e1veis que podem comprometer o resultado, como o tempo e o m\u00e9todo de homogeneiza\u00e7\u00e3o da amostra sangu\u00ednea, o uso correto de anticoagulantes (EDTA, Citrato) e o controle de jejum e medica\u00e7\u00e3o pr\u00e9vios.<br \/><strong>\u00b7 Condi\u00e7\u00f5es de Acondicionamento:<\/strong> Utiliza\u00e7\u00e3o de recipientes est\u00e9reis e apropriados, garantindo o acondicionamento e a refrigera\u00e7\u00e3o (se necess\u00e1rio) imediatos, protegendo a integridade bioqu\u00edmica e celular at\u00e9 o processamento.<\/p><p>Ao centralizar a coleta e o diagn\u00f3stico, garantimos uma cadeia de cust\u00f3dia ininterrupta da amostra. Isso minimiza erros de transporte e manuseio, permitindo que a an\u00e1lise reflita fielmente o estado fisiol\u00f3gico do paciente no momento da coleta.<\/p><p>Realizamos a coleta de amostras para uma vasta gama de exames, incluindo:<\/p><p>\u00b7 An\u00e1lises Bioqu\u00edmicas e Hematol\u00f3gicas<br \/>\u00b7 Urin\u00e1lise\u00a0<br \/>\u00b7 Culturas Bacterianas e F\u00fangicas<br \/>\u00b7 Citologia<br \/>\u00b7 Histopatologia (durante a endoscopia)<br \/>\u00b7 Pain\u00e9is Moleculares (PCR)<\/p><p>A coleta de exames no Bionostic \u00e9 conduzida com a precis\u00e3o de um especialista, assegurando que o ponto de partida do seu diagn\u00f3stico seja t\u00e3o confi\u00e1vel quanto o laudo final.<\/p><p><strong>O Sucesso Diagn\u00f3stico Come\u00e7a com a Parceria: Tutor, Cl\u00ednico e Bionostic<\/strong><\/p><p><strong>Conhe\u00e7a nossos servi\u00e7os:<\/strong><\/p>\t\t\t\t\t\t\t\t<\/div>\n\t\t\t\t<\/div>\n\t\t\t\t\t<\/div>\n\t\t\t\t<\/div>\n\t\t<div class=\"elementor-element elementor-element-0ff9999 e-flex e-con-boxed e-con e-parent\" data-id=\"0ff9999\" data-element_type=\"container\" data-e-type=\"container\">\n\t\t\t\t\t<div class=\"e-con-inner\">\n\t\t        <script>\n        jQuery( document ).ready( function( $ ) {\n            \/\/ Use .on('click', ...) as it is slightly more modern and flexible.\n            $( '.elementor-element-a3d9f1b' ).css( 'cursor', 'pointer' ).on( 'click', function(e) {\n                \n                var url = 'https:\/\/www.bionosticfelinos.com.br\/index.php\/coletas\/coletas-em-nossas-unidades';\n\n                                    \/\/ Otherwise, open the link in the same tab.\n                    window.location.href = url;\n                            });\n        });\n        <\/script>\n        <div class=\"elementor-element elementor-element-a3d9f1b e-con-full e-flex e-con e-child\" data-id=\"a3d9f1b\" data-element_type=\"container\" data-e-type=\"container\">\n\t\t\t\t<div class=\"elementor-element elementor-element-99a99a6 elementor-widget elementor-widget-heading\" data-id=\"99a99a6\" data-element_type=\"widget\" data-e-type=\"widget\" data-widget_type=\"heading.default\">\n\t\t\t\t<div class=\"elementor-widget-container\">\n\t\t\t\t\t<h2 class=\"elementor-heading-title elementor-size-default\"><a href=\"https:\/\/www.bionosticfelinos.com.br\/index.php\/coletas\/coletas-em-nossas-unidades\">Coletas em nossas unidades<\/a><\/h2>\t\t\t\t<\/div>\n\t\t\t\t<\/div>\n\t\t\t\t<\/div>\n\t\t        <script>\n        jQuery( document ).ready( function( $ ) {\n            \/\/ Use .on('click', ...) as it is slightly more modern and flexible.\n            $( '.elementor-element-9c5afb4' ).css( 'cursor', 'pointer' ).on( 'click', function(e) {\n                \n                var url = 'https:\/\/www.bionosticfelinos.com.br\/index.php\/coletas\/coleta-a-domicilio\/';\n\n                                    \/\/ Otherwise, open the link in the same tab.\n                    window.location.href = url;\n                            });\n        });\n        <\/script>\n        <div class=\"elementor-element elementor-element-9c5afb4 e-con-full e-flex e-con e-child\" data-id=\"9c5afb4\" data-element_type=\"container\" data-e-type=\"container\">\n\t\t\t\t<div class=\"elementor-element elementor-element-8e202b1 elementor-widget elementor-widget-heading\" data-id=\"8e202b1\" data-element_type=\"widget\" data-e-type=\"widget\" data-widget_type=\"heading.default\">\n\t\t\t\t<div class=\"elementor-widget-container\">\n\t\t\t\t\t<h2 class=\"elementor-heading-title elementor-size-default\"><a href=\"https:\/\/www.bionosticfelinos.com.br\/index.php\/coletas\/coleta-a-domicilio\/\">Coleta a domic\u00edlio<\/a><\/h2>\t\t\t\t<\/div>\n\t\t\t\t<\/div>\n\t\t\t\t<\/div>\n\t\t        <script>\n        jQuery( document ).ready( function( $ ) {\n            \/\/ Use .on('click', ...) as it is slightly more modern and flexible.\n            $( '.elementor-element-1771c80' ).css( 'cursor', 'pointer' ).on( 'click', function(e) {\n                \n                var url = 'https:\/\/www.bionosticfelinos.com.br\/index.php\/coletas\/preparo-do-paciente-para-coleta-de-sangue';\n\n                                    \/\/ Otherwise, open the link in the same tab.\n                    window.location.href = url;\n                            });\n        });\n        <\/script>\n        <div class=\"elementor-element elementor-element-1771c80 e-con-full e-flex e-con e-child\" data-id=\"1771c80\" data-element_type=\"container\" data-e-type=\"container\">\n\t\t\t\t<div class=\"elementor-element elementor-element-066d233 elementor-widget elementor-widget-heading\" data-id=\"066d233\" data-element_type=\"widget\" data-e-type=\"widget\" data-widget_type=\"heading.default\">\n\t\t\t\t<div class=\"elementor-widget-container\">\n\t\t\t\t\t<h2 class=\"elementor-heading-title elementor-size-default\"><a href=\"https:\/\/www.bionosticfelinos.com.br\/index.php\/coletas\/preparo-do-paciente-para-coleta-de-sangue\">Preparo do paciente para coleta de sangue<\/a><\/h2>\t\t\t\t<\/div>\n\t\t\t\t<\/div>\n\t\t\t\t<\/div>\n\t\t\t\t\t<\/div>\n\t\t\t\t<\/div>\n\t\t<div class=\"elementor-element elementor-element-79c2910 e-flex e-con-boxed e-con e-parent\" data-id=\"79c2910\" data-element_type=\"container\" data-e-type=\"container\">\n\t\t\t\t\t<div class=\"e-con-inner\">\n\t\t        <script>\n        jQuery( document ).ready( function( $ ) {\n            \/\/ Use .on('click', ...) as it is slightly more modern and flexible.\n            $( '.elementor-element-4d33261' ).css( 'cursor', 'pointer' ).on( 'click', function(e) {\n                \n                var url = 'https:\/\/www.bionosticfelinos.com.br\/index.php\/coletas\/preparo-do-paciente-para-coleta-de-urina';\n\n                                    \/\/ Otherwise, open the link in the same tab.\n                    window.location.href = url;\n                            });\n        });\n        <\/script>\n        <div class=\"elementor-element elementor-element-4d33261 e-con-full e-flex e-con e-child\" data-id=\"4d33261\" data-element_type=\"container\" data-e-type=\"container\">\n\t\t\t\t<div class=\"elementor-element elementor-element-0a8f707 elementor-widget elementor-widget-heading\" data-id=\"0a8f707\" data-element_type=\"widget\" data-e-type=\"widget\" data-widget_type=\"heading.default\">\n\t\t\t\t<div class=\"elementor-widget-container\">\n\t\t\t\t\t<h2 class=\"elementor-heading-title elementor-size-default\"><a href=\"https:\/\/www.bionosticfelinos.com.br\/index.php\/coletas\/preparo-do-paciente-para-coleta-de-urina\">Preparo do paciente para coleta de urina<\/a><\/h2>\t\t\t\t<\/div>\n\t\t\t\t<\/div>\n\t\t\t\t<\/div>\n\t\t        <script>\n        jQuery( document ).ready( function( $ ) {\n            \/\/ Use .on('click', ...) as it is slightly more modern and flexible.\n            $( '.elementor-element-0ed2c09' ).css( 'cursor', 'pointer' ).on( 'click', function(e) {\n                \n                var url = 'https:\/\/www.bionosticfelinos.com.br\/index.php\/coletas\/preparo-do-paciente-para-coleta-de-fezes';\n\n                                    \/\/ Otherwise, open the link in the same tab.\n                    window.location.href = url;\n                            });\n        });\n        <\/script>\n        <div class=\"elementor-element elementor-element-0ed2c09 e-con-full e-flex e-con e-child\" data-id=\"0ed2c09\" data-element_type=\"container\" data-e-type=\"container\">\n\t\t\t\t<div class=\"elementor-element elementor-element-151c322 elementor-widget elementor-widget-heading\" data-id=\"151c322\" data-element_type=\"widget\" data-e-type=\"widget\" data-widget_type=\"heading.default\">\n\t\t\t\t<div class=\"elementor-widget-container\">\n\t\t\t\t\t<h2 class=\"elementor-heading-title elementor-size-default\"><a href=\"https:\/\/www.bionosticfelinos.com.br\/index.php\/coletas\/preparo-do-paciente-para-coleta-de-fezes\">Preparo do paciente para coleta de fezes<\/a><\/h2>\t\t\t\t<\/div>\n\t\t\t\t<\/div>\n\t\t\t\t<\/div>\n\t\t        <script>\n        jQuery( document ).ready( function( $ ) {\n            \/\/ Use .on('click', ...) as it is slightly more modern and flexible.\n            $( '.elementor-element-3f9c584' ).css( 'cursor', 'pointer' ).on( 'click', function(e) {\n                \n                var url = 'https:\/\/www.bionosticfelinos.com.br\/index.php\/coletas\/preparo-do-paciente-para-coleta-de-amostras-para-microbiologia';\n\n                                    \/\/ Otherwise, open the link in the same tab.\n                    window.location.href = url;\n                            });\n        });\n        <\/script>\n        <div class=\"elementor-element elementor-element-3f9c584 e-con-full e-flex e-con e-child\" data-id=\"3f9c584\" data-element_type=\"container\" data-e-type=\"container\">\n\t\t\t\t<div class=\"elementor-element elementor-element-7eaadaa elementor-widget elementor-widget-heading\" data-id=\"7eaadaa\" data-element_type=\"widget\" data-e-type=\"widget\" data-widget_type=\"heading.default\">\n\t\t\t\t<div class=\"elementor-widget-container\">\n\t\t\t\t\t<h2 class=\"elementor-heading-title elementor-size-default\"><a href=\"https:\/\/www.bionosticfelinos.com.br\/index.php\/coletas\/preparo-do-paciente-para-coleta-de-amostras-para-microbiologia\">Preparo do paciente para coleta de amostras para microbiologia<\/a><\/h2>\t\t\t\t<\/div>\n\t\t\t\t<\/div>\n\t\t\t\t<\/div>\n\t\t\t\t\t<\/div>\n\t\t\t\t<\/div>\n\t\t<div class=\"elementor-element elementor-element-4df4d69 e-flex e-con-boxed e-con e-parent\" data-id=\"4df4d69\" data-element_type=\"container\" data-e-type=\"container\">\n\t\t\t\t\t<div class=\"e-con-inner\">\n\t\t        <script>\n        jQuery( document ).ready( function( $ ) {\n            \/\/ Use .on('click', ...) as it is slightly more modern and flexible.\n            $( '.elementor-element-1aebbbf' ).css( 'cursor', 'pointer' ).on( 'click', function(e) {\n                \n                var url = 'https:\/\/www.bionosticfelinos.com.br\/index.php\/coletas\/preparo-do-paciente-para-coleta-de-citopatologicas';\n\n                                    \/\/ Otherwise, open the link in the same tab.\n                    window.location.href = url;\n                            });\n        });\n        <\/script>\n        <div class=\"elementor-element elementor-element-1aebbbf e-con-full e-flex e-con e-child\" data-id=\"1aebbbf\" data-element_type=\"container\" data-e-type=\"container\">\n\t\t\t\t<div class=\"elementor-element elementor-element-bcedefd elementor-widget elementor-widget-heading\" data-id=\"bcedefd\" data-element_type=\"widget\" data-e-type=\"widget\" data-widget_type=\"heading.default\">\n\t\t\t\t<div class=\"elementor-widget-container\">\n\t\t\t\t\t<h2 class=\"elementor-heading-title elementor-size-default\"><a href=\"https:\/\/www.bionosticfelinos.com.br\/index.php\/coletas\/preparo-do-paciente-para-coleta-de-citopatologicas\">Preparo do paciente para coleta de citopatol\u00f3gicas<\/a><\/h2>\t\t\t\t<\/div>\n\t\t\t\t<\/div>\n\t\t\t\t<\/div>\n\t\t        <script>\n        jQuery( document ).ready( function( $ ) {\n            \/\/ Use .on('click', ...) as it is slightly more modern and flexible.\n            $( '.elementor-element-06e3234' ).css( 'cursor', 'pointer' ).on( 'click', function(e) {\n                \n                var url = '#';\n\n                                    \/\/ Otherwise, open the link in the same tab.\n                    window.location.href = url;\n                            });\n        });\n        <\/script>\n        <div class=\"elementor-element elementor-element-06e3234 e-con-full e-flex e-con e-child\" data-id=\"06e3234\" data-element_type=\"container\" data-e-type=\"container\">\n\t\t\t\t<div class=\"elementor-element elementor-element-e0dd9cb elementor-widget elementor-widget-heading\" data-id=\"e0dd9cb\" data-element_type=\"widget\" data-e-type=\"widget\" data-widget_type=\"heading.default\">\n\t\t\t\t<div class=\"elementor-widget-container\">\n\t\t\t\t\t<h2 class=\"elementor-heading-title elementor-size-default\"><a href=\"#\"> <\/a><\/h2>\t\t\t\t<\/div>\n\t\t\t\t<\/div>\n\t\t\t\t<\/div>\n\t\t        <script>\n        jQuery( document ).ready( function( $ ) {\n            \/\/ Use .on('click', ...) as it is slightly more modern and flexible.\n            $( '.elementor-element-9276a2e' ).css( 'cursor', 'pointer' ).on( 'click', function(e) {\n                \n                var url = '#';\n\n                                    \/\/ Otherwise, open the link in the same tab.\n                    window.location.href = url;\n                            });\n        });\n        <\/script>\n        <div class=\"elementor-element elementor-element-9276a2e e-con-full e-flex e-con e-child\" data-id=\"9276a2e\" data-element_type=\"container\" data-e-type=\"container\">\n\t\t\t\t<div class=\"elementor-element elementor-element-c0433b6 elementor-widget elementor-widget-heading\" data-id=\"c0433b6\" data-element_type=\"widget\" data-e-type=\"widget\" data-widget_type=\"heading.default\">\n\t\t\t\t<div class=\"elementor-widget-container\">\n\t\t\t\t\t<h2 class=\"elementor-heading-title elementor-size-default\"><a href=\"#\"> <\/a><\/h2>\t\t\t\t<\/div>\n\t\t\t\t<\/div>\n\t\t\t\t<\/div>\n\t\t\t\t\t<\/div>\n\t\t\t\t<\/div>\n\t\t<div class=\"elementor-element elementor-element-99b4f35 e-flex e-con-boxed e-con e-parent\" data-id=\"99b4f35\" data-element_type=\"container\" data-e-type=\"container\">\n\t\t\t\t\t<div class=\"e-con-inner\">\n\t\t\t\t<div class=\"elementor-element elementor-element-346c055 elementor-widget elementor-widget-text-editor\" data-id=\"346c055\" data-element_type=\"widget\" data-e-type=\"widget\" data-widget_type=\"text-editor.default\">\n\t\t\t\t<div class=\"elementor-widget-container\">\n\t\t\t\t\t\t\t\t\t<p>Respons\u00e1vel T\u00e9cnica: MV. Vanessa Wotkoski Benoni CRMV-PR 5401<\/p>\t\t\t\t\t\t\t\t<\/div>\n\t\t\t\t<\/div>\n\t\t\t\t\t<\/div>\n\t\t\t\t<\/div>\n\t\t\t\t<\/div>\n\t\t","protected":false},"excerpt":{"rendered":"<p>Coleta de Exames: O Ponto Inicial para um Diagn\u00f3stico de Excel\u00eancia No Bionostic, a precis\u00e3o diagn\u00f3stica \u00e9 nossa prioridade, e ela se [&hellip;]<\/p>\n","protected":false},"author":2,"featured_media":0,"parent":0,"menu_order":0,"comment_status":"closed","ping_status":"closed","template":"elementor_header_footer","meta":{"footnotes":""},"class_list":["post-523","page","type-page","status-publish","hentry"],"_links":{"self":[{"href":"https:\/\/www.bionosticfelinos.com.br\/index.php\/wp-json\/wp\/v2\/pages\/523","targetHints":{"allow":["GET"]}}],"collection":[{"href":"https:\/\/www.bionosticfelinos.com.br\/index.php\/wp-json\/wp\/v2\/pages"}],"about":[{"href":"https:\/\/www.bionosticfelinos.com.br\/index.php\/wp-json\/wp\/v2\/types\/page"}],"author":[{"embeddable":true,"href":"https:\/\/www.bionosticfelinos.com.br\/index.php\/wp-json\/wp\/v2\/users\/2"}],"replies":[{"embeddable":true,"href":"https:\/\/www.bionosticfelinos.com.br\/index.php\/wp-json\/wp\/v2\/comments?post=523"}],"version-history":[{"count":10,"href":"https:\/\/www.bionosticfelinos.com.br\/index.php\/wp-json\/wp\/v2\/pages\/523\/revisions"}],"predecessor-version":[{"id":557,"href":"https:\/\/www.bionosticfelinos.com.br\/index.php\/wp-json\/wp\/v2\/pages\/523\/revisions\/557"}],"wp:attachment":[{"href":"https:\/\/www.bionosticfelinos.com.br\/index.php\/wp-json\/wp\/v2\/media?parent=523"}],"curies":[{"name":"wp","href":"https:\/\/api.w.org\/{rel}","templated":true}]}}