{"id":455,"date":"2025-09-25T06:48:25","date_gmt":"2025-09-25T09:48:25","guid":{"rendered":"https:\/\/www.bionosticfelinos.com.br\/?page_id=455"},"modified":"2026-01-16T13:01:07","modified_gmt":"2026-01-16T16:01:07","slug":"radiografia-digital","status":"publish","type":"page","link":"https:\/\/www.bionosticfelinos.com.br\/index.php\/exames-por-imagem\/radiografia-digital\/","title":{"rendered":"Radiografia digital"},"content":{"rendered":"\t\t<div data-elementor-type=\"wp-page\" data-elementor-id=\"455\" class=\"elementor elementor-455\">\n\t\t\t\t<div class=\"elementor-element elementor-element-f9b105a e-flex e-con-boxed e-con e-parent\" data-id=\"f9b105a\" data-element_type=\"container\" data-e-type=\"container\">\n\t\t\t\t\t<div class=\"e-con-inner\">\n\t\t<div class=\"elementor-element elementor-element-11526c2 e-con-full e-flex e-con e-child\" data-id=\"11526c2\" data-element_type=\"container\" data-e-type=\"container\">\n\t\t\t\t<div class=\"elementor-element elementor-element-3f61b07 elementor-widget elementor-widget-image\" data-id=\"3f61b07\" data-element_type=\"widget\" data-e-type=\"widget\" data-widget_type=\"image.default\">\n\t\t\t\t<div class=\"elementor-widget-container\">\n\t\t\t\t\t\t\t\t\t\t\t\t\t\t\t<img fetchpriority=\"high\" decoding=\"async\" width=\"773\" height=\"1024\" src=\"https:\/\/www.bionosticfelinos.com.br\/wp-content\/uploads\/2025\/09\/img_5-773x1024.jpg\" class=\"attachment-large size-large wp-image-457\" alt=\"\" srcset=\"https:\/\/www.bionosticfelinos.com.br\/wp-content\/uploads\/2025\/09\/img_5-773x1024.jpg 773w, https:\/\/www.bionosticfelinos.com.br\/wp-content\/uploads\/2025\/09\/img_5-227x300.jpg 227w, https:\/\/www.bionosticfelinos.com.br\/wp-content\/uploads\/2025\/09\/img_5-768x1017.jpg 768w, https:\/\/www.bionosticfelinos.com.br\/wp-content\/uploads\/2025\/09\/img_5-230x305.jpg 230w, https:\/\/www.bionosticfelinos.com.br\/wp-content\/uploads\/2025\/09\/img_5-350x463.jpg 350w, https:\/\/www.bionosticfelinos.com.br\/wp-content\/uploads\/2025\/09\/img_5-480x636.jpg 480w, https:\/\/www.bionosticfelinos.com.br\/wp-content\/uploads\/2025\/09\/img_5.jpg 1000w\" sizes=\"(max-width: 773px) 100vw, 773px\" \/>\t\t\t\t\t\t\t\t\t\t\t\t\t\t\t<\/div>\n\t\t\t\t<\/div>\n\t\t\t\t<\/div>\n\t\t<div class=\"elementor-element elementor-element-bb40cca e-con-full e-flex e-con e-child\" data-id=\"bb40cca\" data-element_type=\"container\" data-e-type=\"container\">\n\t\t\t\t<div class=\"elementor-element elementor-element-ec1b031 elementor-widget elementor-widget-text-editor\" data-id=\"ec1b031\" data-element_type=\"widget\" data-e-type=\"widget\" data-widget_type=\"text-editor.default\">\n\t\t\t\t<div class=\"elementor-widget-container\">\n\t\t\t\t\t\t\t\t\t<p><a href=\"https:\/\/www.bionosticfelinos.com.br\/index.php\/exames-por-imagem\/\">&lt; voltar exames por imagens<\/a><\/p>\t\t\t\t\t\t\t\t<\/div>\n\t\t\t\t<\/div>\n\t\t<div class=\"elementor-element elementor-element-e735fca e-con-full e-flex e-con e-child\" data-id=\"e735fca\" data-element_type=\"container\" data-e-type=\"container\" data-settings=\"{&quot;background_background&quot;:&quot;classic&quot;}\">\n\t\t\t\t<div class=\"elementor-element elementor-element-395d5ad elementor-widget elementor-widget-heading\" data-id=\"395d5ad\" data-element_type=\"widget\" data-e-type=\"widget\" data-widget_type=\"heading.default\">\n\t\t\t\t<div class=\"elementor-widget-container\">\n\t\t\t\t\t<h2 class=\"elementor-heading-title elementor-size-default\">RADIOGRAFIA DIGITAL<\/h2>\t\t\t\t<\/div>\n\t\t\t\t<\/div>\n\t\t\t\t<\/div>\n\t\t\t\t<div class=\"elementor-element elementor-element-8c4e53a elementor-widget elementor-widget-text-editor\" data-id=\"8c4e53a\" data-element_type=\"widget\" data-e-type=\"widget\" data-widget_type=\"text-editor.default\">\n\t\t\t\t<div class=\"elementor-widget-container\">\n\t\t\t\t\t\t\t\t\tO Bionostic foi pioneiro em Curitiba na\nimplanta\u00e7\u00e3o da Radiologia Digital, t\u00e9cnica r\u00e1pida\ne n\u00e3o invasiva amplamente usada na medicina\nveterin\u00e1ria. Com o aparelho digital e imagens em\nalta resolu\u00e7\u00e3o \u00e9 poss\u00edvel alta precis\u00e3o\ndiagn\u00f3stica e baixa exposi\u00e7\u00e3o aos raios X. Al\u00e9m\nde ecologicamente correta, essa tecnologia \u00e9\nintegrada a m\u00e9todos como Tomografia\nComputadorizada e Resson\u00e2ncia Magn\u00e9tica, que\nexploram com detalhes estruturas espec\u00edficas,\ncomplementando o exame cl\u00ednico para\ndiagn\u00f3sticos mais precisos.\t\t\t\t\t\t\t\t<\/div>\n\t\t\t\t<\/div>\n\t\t\t\t<\/div>\n\t\t\t\t\t<\/div>\n\t\t\t\t<\/div>\n\t\t\t\t<\/div>\n\t\t","protected":false},"excerpt":{"rendered":"<p>&lt; voltar exames por imagens RADIOGRAFIA DIGITAL O Bionostic foi pioneiro em Curitiba na implanta\u00e7\u00e3o da Radiologia Digital, t\u00e9cnica r\u00e1pida e n\u00e3o [&hellip;]<\/p>\n","protected":false},"author":2,"featured_media":0,"parent":397,"menu_order":0,"comment_status":"closed","ping_status":"closed","template":"elementor_header_footer","meta":{"footnotes":""},"class_list":["post-455","page","type-page","status-publish","hentry"],"_links":{"self":[{"href":"https:\/\/www.bionosticfelinos.com.br\/index.php\/wp-json\/wp\/v2\/pages\/455","targetHints":{"allow":["GET"]}}],"collection":[{"href":"https:\/\/www.bionosticfelinos.com.br\/index.php\/wp-json\/wp\/v2\/pages"}],"about":[{"href":"https:\/\/www.bionosticfelinos.com.br\/index.php\/wp-json\/wp\/v2\/types\/page"}],"author":[{"embeddable":true,"href":"https:\/\/www.bionosticfelinos.com.br\/index.php\/wp-json\/wp\/v2\/users\/2"}],"replies":[{"embeddable":true,"href":"https:\/\/www.bionosticfelinos.com.br\/index.php\/wp-json\/wp\/v2\/comments?post=455"}],"version-history":[{"count":7,"href":"https:\/\/www.bionosticfelinos.com.br\/index.php\/wp-json\/wp\/v2\/pages\/455\/revisions"}],"predecessor-version":[{"id":608,"href":"https:\/\/www.bionosticfelinos.com.br\/index.php\/wp-json\/wp\/v2\/pages\/455\/revisions\/608"}],"up":[{"embeddable":true,"href":"https:\/\/www.bionosticfelinos.com.br\/index.php\/wp-json\/wp\/v2\/pages\/397"}],"wp:attachment":[{"href":"https:\/\/www.bionosticfelinos.com.br\/index.php\/wp-json\/wp\/v2\/media?parent=455"}],"curies":[{"name":"wp","href":"https:\/\/api.w.org\/{rel}","templated":true}]}}