{"id":397,"date":"2025-09-22T06:04:58","date_gmt":"2025-09-22T09:04:58","guid":{"rendered":"https:\/\/www.bionosticfelinos.com.br\/?page_id=397"},"modified":"2026-01-16T12:59:18","modified_gmt":"2026-01-16T15:59:18","slug":"exames-por-imagem","status":"publish","type":"page","link":"https:\/\/www.bionosticfelinos.com.br\/index.php\/exames-por-imagem\/","title":{"rendered":"Exames por imagem"},"content":{"rendered":"\t\t<div data-elementor-type=\"wp-page\" data-elementor-id=\"397\" class=\"elementor elementor-397\">\n\t\t\t\t<div class=\"elementor-element elementor-element-8b12365 e-flex e-con-boxed e-con e-parent\" data-id=\"8b12365\" data-element_type=\"container\" data-e-type=\"container\">\n\t\t\t\t\t<div class=\"e-con-inner\">\n\t\t\t\t<div class=\"elementor-element elementor-element-c64a497 elementor-widget elementor-widget-heading\" data-id=\"c64a497\" data-element_type=\"widget\" data-e-type=\"widget\" data-widget_type=\"heading.default\">\n\t\t\t\t<div class=\"elementor-widget-container\">\n\t\t\t\t\t<h2 class=\"elementor-heading-title elementor-size-default\">Exames de Imagem<\/h2>\t\t\t\t<\/div>\n\t\t\t\t<\/div>\n\t\t\t\t\t<\/div>\n\t\t\t\t<\/div>\n\t\t<div class=\"elementor-element elementor-element-1b3abda e-flex e-con-boxed e-con e-parent\" data-id=\"1b3abda\" data-element_type=\"container\" data-e-type=\"container\">\n\t\t\t\t\t<div class=\"e-con-inner\">\n\t\t        <script>\n        jQuery( document ).ready( function( $ ) {\n            \/\/ Use .on('click', ...) as it is slightly more modern and flexible.\n            $( '.elementor-element-b50f8d3' ).css( 'cursor', 'pointer' ).on( 'click', function(e) {\n                \n                var url = 'https:\/\/www.bionosticfelinos.com.br\/index.php\/exames-por-imagem\/radiografia-digital\/';\n\n                                    \/\/ Otherwise, open the link in the same tab.\n                    window.location.href = url;\n                            });\n        });\n        <\/script>\n        <div class=\"elementor-element elementor-element-b50f8d3 e-con-full e-flex e-con e-child\" data-id=\"b50f8d3\" data-element_type=\"container\" data-e-type=\"container\" id=\"boxexames\">\n\t\t\t\t<div class=\"elementor-element elementor-element-572227f elementor-widget elementor-widget-heading\" data-id=\"572227f\" data-element_type=\"widget\" data-e-type=\"widget\" data-widget_type=\"heading.default\">\n\t\t\t\t<div class=\"elementor-widget-container\">\n\t\t\t\t\t<h2 class=\"elementor-heading-title elementor-size-default\"><a href=\"https:\/\/www.bionosticfelinos.com.br\/index.php\/exames-por-imagem\/radiografia-digital\/\">Radiografia\ndigital<\/a><\/h2>\t\t\t\t<\/div>\n\t\t\t\t<\/div>\n\t\t\t\t<\/div>\n\t\t        <script>\n        jQuery( document ).ready( function( $ ) {\n            \/\/ Use .on('click', ...) as it is slightly more modern and flexible.\n            $( '.elementor-element-40e8507' ).css( 'cursor', 'pointer' ).on( 'click', function(e) {\n                \n                var url = 'https:\/\/www.bionosticfelinos.com.br\/index.php\/exames-por-imagem\/ecocardiograma-e-eletrocardiograma';\n\n                                    \/\/ Otherwise, open the link in the same tab.\n                    window.location.href = url;\n                            });\n        });\n        <\/script>\n        <div class=\"elementor-element elementor-element-40e8507 e-con-full e-flex e-con e-child\" data-id=\"40e8507\" data-element_type=\"container\" data-e-type=\"container\" id=\"boxexames\">\n\t\t\t\t<div class=\"elementor-element elementor-element-c68b7c4 elementor-widget elementor-widget-heading\" data-id=\"c68b7c4\" data-element_type=\"widget\" data-e-type=\"widget\" data-widget_type=\"heading.default\">\n\t\t\t\t<div class=\"elementor-widget-container\">\n\t\t\t\t\t<h2 class=\"elementor-heading-title elementor-size-default\"><a href=\"https:\/\/www.bionosticfelinos.com.br\/index.php\/exames-por-imagem\/ecocardiograma-e-eletrocardiograma\">Ecocardiograma e\neletrocardiograma<\/a><\/h2>\t\t\t\t<\/div>\n\t\t\t\t<\/div>\n\t\t\t\t<\/div>\n\t\t        <script>\n        jQuery( document ).ready( function( $ ) {\n            \/\/ Use .on('click', ...) as it is slightly more modern and flexible.\n            $( '.elementor-element-72086b6' ).css( 'cursor', 'pointer' ).on( 'click', function(e) {\n                \n                var url = 'https:\/\/www.bionosticfelinos.com.br\/index.php\/exames-por-imagem\/ultrassonografia-com-doppler';\n\n                                    \/\/ Otherwise, open the link in the same tab.\n                    window.location.href = url;\n                            });\n        });\n        <\/script>\n        <div class=\"elementor-element elementor-element-72086b6 e-con-full e-flex e-con e-child\" data-id=\"72086b6\" data-element_type=\"container\" data-e-type=\"container\" id=\"boxexames\">\n\t\t\t\t<div class=\"elementor-element elementor-element-b9f8159 elementor-widget elementor-widget-heading\" data-id=\"b9f8159\" data-element_type=\"widget\" data-e-type=\"widget\" data-widget_type=\"heading.default\">\n\t\t\t\t<div class=\"elementor-widget-container\">\n\t\t\t\t\t<h2 class=\"elementor-heading-title elementor-size-default\"><a href=\"https:\/\/www.bionosticfelinos.com.br\/index.php\/exames-por-imagem\/ultrassonografia-com-doppler\">Ultrassonografia\ncom doppler<\/a><\/h2>\t\t\t\t<\/div>\n\t\t\t\t<\/div>\n\t\t\t\t<\/div>\n\t\t\t\t\t<\/div>\n\t\t\t\t<\/div>\n\t\t<div class=\"elementor-element elementor-element-4ef41a9 e-flex e-con-boxed e-con e-parent\" data-id=\"4ef41a9\" data-element_type=\"container\" data-e-type=\"container\">\n\t\t\t\t\t<div class=\"e-con-inner\">\n\t\t        <script>\n        jQuery( document ).ready( function( $ ) {\n            \/\/ Use .on('click', ...) as it is slightly more modern and flexible.\n            $( '.elementor-element-d42c8f7' ).css( 'cursor', 'pointer' ).on( 'click', function(e) {\n                \n                var url = 'https:\/\/www.bionosticfelinos.com.br\/index.php\/exames-por-imagem\/endoscopia';\n\n                                    \/\/ Otherwise, open the link in the same tab.\n                    window.location.href = url;\n                            });\n        });\n        <\/script>\n        <div class=\"elementor-element elementor-element-d42c8f7 e-con-full e-flex e-con e-child\" data-id=\"d42c8f7\" data-element_type=\"container\" data-e-type=\"container\" id=\"boxexames\">\n\t\t\t\t<div class=\"elementor-element elementor-element-272bdb7 elementor-widget elementor-widget-heading\" data-id=\"272bdb7\" data-element_type=\"widget\" data-e-type=\"widget\" data-widget_type=\"heading.default\">\n\t\t\t\t<div class=\"elementor-widget-container\">\n\t\t\t\t\t<h2 class=\"elementor-heading-title elementor-size-default\"><a href=\"https:\/\/www.bionosticfelinos.com.br\/index.php\/exames-por-imagem\/endoscopia\">Endoscopia<\/a><\/h2>\t\t\t\t<\/div>\n\t\t\t\t<\/div>\n\t\t\t\t<\/div>\n\t\t        <script>\n        jQuery( document ).ready( function( $ ) {\n            \/\/ Use .on('click', ...) as it is slightly more modern and flexible.\n            $( '.elementor-element-74e89ed' ).css( 'cursor', 'pointer' ).on( 'click', function(e) {\n                \n                var url = 'https:\/\/www.bionosticfelinos.com.br\/index.php\/exames-por-imagem\/afericao-de-pressao-arterial';\n\n                                    \/\/ Otherwise, open the link in the same tab.\n                    window.location.href = url;\n                            });\n        });\n        <\/script>\n        <div class=\"elementor-element elementor-element-74e89ed e-con-full e-flex e-con e-child\" data-id=\"74e89ed\" data-element_type=\"container\" data-e-type=\"container\" id=\"boxexames\">\n\t\t\t\t<div class=\"elementor-element elementor-element-c924942 elementor-widget elementor-widget-heading\" data-id=\"c924942\" data-element_type=\"widget\" data-e-type=\"widget\" data-widget_type=\"heading.default\">\n\t\t\t\t<div class=\"elementor-widget-container\">\n\t\t\t\t\t<h2 class=\"elementor-heading-title elementor-size-default\"><a href=\"https:\/\/www.bionosticfelinos.com.br\/index.php\/exames-por-imagem\/afericao-de-pressao-arterial\">Aferi\u00e7\u00e3o de press\u00e3o arterial<\/a><\/h2>\t\t\t\t<\/div>\n\t\t\t\t<\/div>\n\t\t\t\t<\/div>\n\t\t        <script>\n        jQuery( document ).ready( function( $ ) {\n            \/\/ Use .on('click', ...) as it is slightly more modern and flexible.\n            $( '.elementor-element-37748ff' ).css( 'cursor', 'pointer' ).on( 'click', function(e) {\n                \n                var url = 'https:\/\/www.bionosticfelinos.com.br\/index.php\/exames-por-imagem\/tomografia-computadorizada';\n\n                                    \/\/ Otherwise, open the link in the same tab.\n                    window.location.href = url;\n                            });\n        });\n        <\/script>\n        <div class=\"elementor-element elementor-element-37748ff e-con-full e-flex e-con e-child\" data-id=\"37748ff\" data-element_type=\"container\" data-e-type=\"container\" id=\"boxexames\">\n\t\t\t\t<div class=\"elementor-element elementor-element-5157fd3 elementor-widget elementor-widget-heading\" data-id=\"5157fd3\" data-element_type=\"widget\" data-e-type=\"widget\" data-widget_type=\"heading.default\">\n\t\t\t\t<div class=\"elementor-widget-container\">\n\t\t\t\t\t<h2 class=\"elementor-heading-title elementor-size-default\"><a href=\"https:\/\/www.bionosticfelinos.com.br\/index.php\/exames-por-imagem\/tomografia-computadorizada\">Tomografia\ncomputadorizada<\/a><\/h2>\t\t\t\t<\/div>\n\t\t\t\t<\/div>\n\t\t\t\t<\/div>\n\t\t\t\t\t<\/div>\n\t\t\t\t<\/div>\n\t\t<div class=\"elementor-element elementor-element-eef7a37 e-flex e-con-boxed e-con e-parent\" data-id=\"eef7a37\" data-element_type=\"container\" data-e-type=\"container\">\n\t\t\t\t\t<div class=\"e-con-inner\">\n\t\t\t\t<div class=\"elementor-element elementor-element-1cd3a44 elementor-widget elementor-widget-text-editor\" data-id=\"1cd3a44\" data-element_type=\"widget\" data-e-type=\"widget\" data-widget_type=\"text-editor.default\">\n\t\t\t\t<div class=\"elementor-widget-container\">\n\t\t\t\t\t\t\t\t\t<p>Respons\u00e1vel T\u00e9cnica: MV. Vanessa Wotkoski Benoni CRMV-PR 5401<\/p>\t\t\t\t\t\t\t\t<\/div>\n\t\t\t\t<\/div>\n\t\t\t\t\t<\/div>\n\t\t\t\t<\/div>\n\t\t\t\t<\/div>\n\t\t","protected":false},"excerpt":{"rendered":"<p>Exames de Imagem Radiografia digital Ecocardiograma e eletrocardiograma Ultrassonografia com doppler Endoscopia Aferi\u00e7\u00e3o de press\u00e3o arterial Tomografia computadorizada Respons\u00e1vel T\u00e9cnica: MV. Vanessa [&hellip;]<\/p>\n","protected":false},"author":2,"featured_media":0,"parent":0,"menu_order":0,"comment_status":"closed","ping_status":"closed","template":"elementor_header_footer","meta":{"footnotes":""},"class_list":["post-397","page","type-page","status-publish","hentry"],"_links":{"self":[{"href":"https:\/\/www.bionosticfelinos.com.br\/index.php\/wp-json\/wp\/v2\/pages\/397","targetHints":{"allow":["GET"]}}],"collection":[{"href":"https:\/\/www.bionosticfelinos.com.br\/index.php\/wp-json\/wp\/v2\/pages"}],"about":[{"href":"https:\/\/www.bionosticfelinos.com.br\/index.php\/wp-json\/wp\/v2\/types\/page"}],"author":[{"embeddable":true,"href":"https:\/\/www.bionosticfelinos.com.br\/index.php\/wp-json\/wp\/v2\/users\/2"}],"replies":[{"embeddable":true,"href":"https:\/\/www.bionosticfelinos.com.br\/index.php\/wp-json\/wp\/v2\/comments?post=397"}],"version-history":[{"count":37,"href":"https:\/\/www.bionosticfelinos.com.br\/index.php\/wp-json\/wp\/v2\/pages\/397\/revisions"}],"predecessor-version":[{"id":599,"href":"https:\/\/www.bionosticfelinos.com.br\/index.php\/wp-json\/wp\/v2\/pages\/397\/revisions\/599"}],"wp:attachment":[{"href":"https:\/\/www.bionosticfelinos.com.br\/index.php\/wp-json\/wp\/v2\/media?parent=397"}],"curies":[{"name":"wp","href":"https:\/\/api.w.org\/{rel}","templated":true}]}}