{"id":293,"date":"2025-09-13T07:14:42","date_gmt":"2025-09-13T10:14:42","guid":{"rendered":"https:\/\/www.bionosticfelinos.com.br\/?page_id=293"},"modified":"2026-01-16T13:28:40","modified_gmt":"2026-01-16T16:28:40","slug":"biologia-molecular","status":"publish","type":"page","link":"https:\/\/www.bionosticfelinos.com.br\/index.php\/biologia-molecular\/","title":{"rendered":"Biologia Molecular"},"content":{"rendered":"\t\t<div data-elementor-type=\"wp-page\" data-elementor-id=\"293\" class=\"elementor elementor-293\">\n\t\t\t\t<div class=\"elementor-element elementor-element-f9b105a e-flex e-con-boxed e-con e-parent\" data-id=\"f9b105a\" data-element_type=\"container\" data-e-type=\"container\">\n\t\t\t\t\t<div class=\"e-con-inner\">\n\t\t<div class=\"elementor-element elementor-element-11526c2 e-con-full e-flex e-con e-child\" data-id=\"11526c2\" data-element_type=\"container\" data-e-type=\"container\">\n\t\t\t\t<div class=\"elementor-element elementor-element-3f61b07 elementor-widget elementor-widget-image\" data-id=\"3f61b07\" data-element_type=\"widget\" data-e-type=\"widget\" data-widget_type=\"image.default\">\n\t\t\t\t<div class=\"elementor-widget-container\">\n\t\t\t\t\t\t\t\t\t\t\t\t\t\t\t<img fetchpriority=\"high\" decoding=\"async\" width=\"583\" height=\"1024\" src=\"https:\/\/www.bionosticfelinos.com.br\/wp-content\/uploads\/2025\/09\/exame9-583x1024.jpg\" class=\"attachment-large size-large wp-image-295\" alt=\"\" srcset=\"https:\/\/www.bionosticfelinos.com.br\/wp-content\/uploads\/2025\/09\/exame9-583x1024.jpg 583w, https:\/\/www.bionosticfelinos.com.br\/wp-content\/uploads\/2025\/09\/exame9-171x300.jpg 171w, https:\/\/www.bionosticfelinos.com.br\/wp-content\/uploads\/2025\/09\/exame9-768x1349.jpg 768w, https:\/\/www.bionosticfelinos.com.br\/wp-content\/uploads\/2025\/09\/exame9-874x1536.jpg 874w, https:\/\/www.bionosticfelinos.com.br\/wp-content\/uploads\/2025\/09\/exame9-230x404.jpg 230w, https:\/\/www.bionosticfelinos.com.br\/wp-content\/uploads\/2025\/09\/exame9-350x615.jpg 350w, https:\/\/www.bionosticfelinos.com.br\/wp-content\/uploads\/2025\/09\/exame9-480x843.jpg 480w, https:\/\/www.bionosticfelinos.com.br\/wp-content\/uploads\/2025\/09\/exame9.jpg 1000w\" sizes=\"(max-width: 583px) 100vw, 583px\" \/>\t\t\t\t\t\t\t\t\t\t\t\t\t\t\t<\/div>\n\t\t\t\t<\/div>\n\t\t\t\t<\/div>\n\t\t<div class=\"elementor-element elementor-element-bb40cca e-con-full e-flex e-con e-child\" data-id=\"bb40cca\" data-element_type=\"container\" data-e-type=\"container\">\n\t\t\t\t<div class=\"elementor-element elementor-element-ec1b031 elementor-widget elementor-widget-text-editor\" data-id=\"ec1b031\" data-element_type=\"widget\" data-e-type=\"widget\" data-widget_type=\"text-editor.default\">\n\t\t\t\t<div class=\"elementor-widget-container\">\n\t\t\t\t\t\t\t\t\t<p><a href=\"https:\/\/www.bionosticfelinos.com.br\/index.php\/exames-laboratorias\/\">&lt; voltar exames laboratoriais<\/a><\/p>\t\t\t\t\t\t\t\t<\/div>\n\t\t\t\t<\/div>\n\t\t<div class=\"elementor-element elementor-element-e735fca e-con-full e-flex e-con e-child\" data-id=\"e735fca\" data-element_type=\"container\" data-e-type=\"container\" data-settings=\"{&quot;background_background&quot;:&quot;classic&quot;}\">\n\t\t\t\t<div class=\"elementor-element elementor-element-395d5ad elementor-widget elementor-widget-heading\" data-id=\"395d5ad\" data-element_type=\"widget\" data-e-type=\"widget\" data-widget_type=\"heading.default\">\n\t\t\t\t<div class=\"elementor-widget-container\">\n\t\t\t\t\t<h2 class=\"elementor-heading-title elementor-size-default\">BIOLOGIA MOLECULAR\n<br \/>(PCR REAL TIME)<\/h2>\t\t\t\t<\/div>\n\t\t\t\t<\/div>\n\t\t\t\t<\/div>\n\t\t\t\t<div class=\"elementor-element elementor-element-8c4e53a elementor-widget elementor-widget-text-editor\" data-id=\"8c4e53a\" data-element_type=\"widget\" data-e-type=\"widget\" data-widget_type=\"text-editor.default\">\n\t\t\t\t<div class=\"elementor-widget-container\">\n\t\t\t\t\t\t\t\t\t<p>Os Testes Moleculares, tamb\u00e9m conhecidos como PCR (Rea\u00e7\u00e3o em Cadeia da Polimerase), s\u00e3o exames essenciais na pesquisa do DNA ou RNA de agentes infecciosos. Essa t\u00e9cnica utiliza a s\u00edntese enzim\u00e1tica in vitro para criar milhares de c\u00f3pias de\u00a0 ragmentos de DNA ou RNA a partir de uma \u00fanica mol\u00e9cula, garantindo resultados precisos e confi\u00e1veis.<\/p><p>Amplamente utilizados na Medicina Veterin\u00e1ria, os testes PCR destacam-se por sua alta sensibilidade e especificidade, sendo indispens\u00e1veis para o diagn\u00f3stico de infec\u00e7\u00f5es virais, bacterianas, protozo\u00e1rias e f\u00fangicas.<\/p><p>Realizamos internamente em nossa Unidade Matriz os Exames de Biologia Molecular (PCR em Tempo Real), com a qualidade, excel\u00eancia e agilidade que nossos pacientes merecem e os M\u00e9dicos Veterin\u00e1rios necessitam.<\/p>\t\t\t\t\t\t\t\t<\/div>\n\t\t\t\t<\/div>\n\t\t\t\t<\/div>\n\t\t\t\t\t<\/div>\n\t\t\t\t<\/div>\n\t\t\t\t<\/div>\n\t\t","protected":false},"excerpt":{"rendered":"<p>&lt; voltar exames laboratoriais BIOLOGIA MOLECULAR (PCR REAL TIME) Os Testes Moleculares, tamb\u00e9m conhecidos como PCR (Rea\u00e7\u00e3o em Cadeia da Polimerase), s\u00e3o [&hellip;]<\/p>\n","protected":false},"author":1,"featured_media":0,"parent":0,"menu_order":0,"comment_status":"closed","ping_status":"closed","template":"elementor_header_footer","meta":{"footnotes":""},"class_list":["post-293","page","type-page","status-publish","hentry"],"_links":{"self":[{"href":"https:\/\/www.bionosticfelinos.com.br\/index.php\/wp-json\/wp\/v2\/pages\/293","targetHints":{"allow":["GET"]}}],"collection":[{"href":"https:\/\/www.bionosticfelinos.com.br\/index.php\/wp-json\/wp\/v2\/pages"}],"about":[{"href":"https:\/\/www.bionosticfelinos.com.br\/index.php\/wp-json\/wp\/v2\/types\/page"}],"author":[{"embeddable":true,"href":"https:\/\/www.bionosticfelinos.com.br\/index.php\/wp-json\/wp\/v2\/users\/1"}],"replies":[{"embeddable":true,"href":"https:\/\/www.bionosticfelinos.com.br\/index.php\/wp-json\/wp\/v2\/comments?post=293"}],"version-history":[{"count":7,"href":"https:\/\/www.bionosticfelinos.com.br\/index.php\/wp-json\/wp\/v2\/pages\/293\/revisions"}],"predecessor-version":[{"id":644,"href":"https:\/\/www.bionosticfelinos.com.br\/index.php\/wp-json\/wp\/v2\/pages\/293\/revisions\/644"}],"wp:attachment":[{"href":"https:\/\/www.bionosticfelinos.com.br\/index.php\/wp-json\/wp\/v2\/media?parent=293"}],"curies":[{"name":"wp","href":"https:\/\/api.w.org\/{rel}","templated":true}]}}