{"id":278,"date":"2025-09-13T07:01:03","date_gmt":"2025-09-13T10:01:03","guid":{"rendered":"https:\/\/www.bionosticfelinos.com.br\/?page_id=278"},"modified":"2026-01-16T13:26:39","modified_gmt":"2026-01-16T16:26:39","slug":"venenos","status":"publish","type":"page","link":"https:\/\/www.bionosticfelinos.com.br\/index.php\/venenos\/","title":{"rendered":"Venenos"},"content":{"rendered":"\t\t<div data-elementor-type=\"wp-page\" data-elementor-id=\"278\" class=\"elementor elementor-278\">\n\t\t\t\t<div class=\"elementor-element elementor-element-f9b105a e-flex e-con-boxed e-con e-parent\" data-id=\"f9b105a\" data-element_type=\"container\" data-e-type=\"container\">\n\t\t\t\t\t<div class=\"e-con-inner\">\n\t\t<div class=\"elementor-element elementor-element-11526c2 e-con-full e-flex e-con e-child\" data-id=\"11526c2\" data-element_type=\"container\" data-e-type=\"container\">\n\t\t\t\t<div class=\"elementor-element elementor-element-3f61b07 elementor-widget elementor-widget-image\" data-id=\"3f61b07\" data-element_type=\"widget\" data-e-type=\"widget\" data-widget_type=\"image.default\">\n\t\t\t\t<div class=\"elementor-widget-container\">\n\t\t\t\t\t\t\t\t\t\t\t\t\t\t\t<img fetchpriority=\"high\" decoding=\"async\" width=\"647\" height=\"1024\" src=\"https:\/\/www.bionosticfelinos.com.br\/wp-content\/uploads\/2025\/09\/exame7-647x1024.jpg\" class=\"attachment-large size-large wp-image-280\" alt=\"\" srcset=\"https:\/\/www.bionosticfelinos.com.br\/wp-content\/uploads\/2025\/09\/exame7-647x1024.jpg 647w, https:\/\/www.bionosticfelinos.com.br\/wp-content\/uploads\/2025\/09\/exame7-190x300.jpg 190w, https:\/\/www.bionosticfelinos.com.br\/wp-content\/uploads\/2025\/09\/exame7-768x1215.jpg 768w, https:\/\/www.bionosticfelinos.com.br\/wp-content\/uploads\/2025\/09\/exame7-971x1536.jpg 971w, https:\/\/www.bionosticfelinos.com.br\/wp-content\/uploads\/2025\/09\/exame7-230x364.jpg 230w, https:\/\/www.bionosticfelinos.com.br\/wp-content\/uploads\/2025\/09\/exame7-350x554.jpg 350w, https:\/\/www.bionosticfelinos.com.br\/wp-content\/uploads\/2025\/09\/exame7-480x759.jpg 480w, https:\/\/www.bionosticfelinos.com.br\/wp-content\/uploads\/2025\/09\/exame7.jpg 1000w\" sizes=\"(max-width: 647px) 100vw, 647px\" \/>\t\t\t\t\t\t\t\t\t\t\t\t\t\t\t<\/div>\n\t\t\t\t<\/div>\n\t\t\t\t<\/div>\n\t\t<div class=\"elementor-element elementor-element-bb40cca e-con-full e-flex e-con e-child\" data-id=\"bb40cca\" data-element_type=\"container\" data-e-type=\"container\">\n\t\t\t\t<div class=\"elementor-element elementor-element-ec1b031 elementor-widget elementor-widget-text-editor\" data-id=\"ec1b031\" data-element_type=\"widget\" data-e-type=\"widget\" data-widget_type=\"text-editor.default\">\n\t\t\t\t<div class=\"elementor-widget-container\">\n\t\t\t\t\t\t\t\t\t<p><a href=\"https:\/\/www.bionosticfelinos.com.br\/index.php\/exames-laboratorias\/\">&lt; voltar exames laboratoriais<\/a><\/p>\t\t\t\t\t\t\t\t<\/div>\n\t\t\t\t<\/div>\n\t\t<div class=\"elementor-element elementor-element-e735fca e-con-full e-flex e-con e-child\" data-id=\"e735fca\" data-element_type=\"container\" data-e-type=\"container\" data-settings=\"{&quot;background_background&quot;:&quot;classic&quot;}\">\n\t\t\t\t<div class=\"elementor-element elementor-element-395d5ad elementor-widget elementor-widget-heading\" data-id=\"395d5ad\" data-element_type=\"widget\" data-e-type=\"widget\" data-widget_type=\"heading.default\">\n\t\t\t\t<div class=\"elementor-widget-container\">\n\t\t\t\t\t<h2 class=\"elementor-heading-title elementor-size-default\">SETOR DE VENENOS<\/h2>\t\t\t\t<\/div>\n\t\t\t\t<\/div>\n\t\t\t\t<\/div>\n\t\t\t\t<div class=\"elementor-element elementor-element-8c4e53a elementor-widget elementor-widget-text-editor\" data-id=\"8c4e53a\" data-element_type=\"widget\" data-e-type=\"widget\" data-widget_type=\"text-editor.default\">\n\t\t\t\t<div class=\"elementor-widget-container\">\n\t\t\t\t\t\t\t\t\tA pesquisa de Venenos no soro, v\u00f4mito,\nconte\u00fado estomacal e fragmentos colhidos\ndurante o exame de necropsia s\u00e3o exames\nfundamentais para elucidar muitas vezes a\ncausa morte de um paciente.\n\nEste exame \u00e9 feito atrav\u00e9s do m\u00e9todo de\ncromatografia onde ser\u00e3o pesquisados os\nprincipais tipos de venenos que se tem acesso\nfacilmente e infelizmente muitas vezes s\u00e3o\nutilizados para envenenar animais, sendo eles\nos Carbamatos (Chumbinho), Derivados\nCumar\u00ednicos (Raticidas), Estricnina\n(Estimulante), Monofluoracetato de S\u00f3dio\n(Raticida) e Organofosforado (Inseticida).\nOs fragmentos e conte\u00fados coletados nunca\ndevem ser colocados no formol, devendo\napenas serem enviados ao laborat\u00f3rio\ncongelados.\t\t\t\t\t\t\t\t<\/div>\n\t\t\t\t<\/div>\n\t\t\t\t<\/div>\n\t\t\t\t\t<\/div>\n\t\t\t\t<\/div>\n\t\t\t\t<\/div>\n\t\t","protected":false},"excerpt":{"rendered":"<p>&lt; voltar exames laboratoriais SETOR DE VENENOS A pesquisa de Venenos no soro, v\u00f4mito, conte\u00fado estomacal e fragmentos colhidos durante o exame [&hellip;]<\/p>\n","protected":false},"author":1,"featured_media":0,"parent":0,"menu_order":0,"comment_status":"closed","ping_status":"closed","template":"elementor_header_footer","meta":{"footnotes":""},"class_list":["post-278","page","type-page","status-publish","hentry"],"_links":{"self":[{"href":"https:\/\/www.bionosticfelinos.com.br\/index.php\/wp-json\/wp\/v2\/pages\/278","targetHints":{"allow":["GET"]}}],"collection":[{"href":"https:\/\/www.bionosticfelinos.com.br\/index.php\/wp-json\/wp\/v2\/pages"}],"about":[{"href":"https:\/\/www.bionosticfelinos.com.br\/index.php\/wp-json\/wp\/v2\/types\/page"}],"author":[{"embeddable":true,"href":"https:\/\/www.bionosticfelinos.com.br\/index.php\/wp-json\/wp\/v2\/users\/1"}],"replies":[{"embeddable":true,"href":"https:\/\/www.bionosticfelinos.com.br\/index.php\/wp-json\/wp\/v2\/comments?post=278"}],"version-history":[{"count":7,"href":"https:\/\/www.bionosticfelinos.com.br\/index.php\/wp-json\/wp\/v2\/pages\/278\/revisions"}],"predecessor-version":[{"id":641,"href":"https:\/\/www.bionosticfelinos.com.br\/index.php\/wp-json\/wp\/v2\/pages\/278\/revisions\/641"}],"wp:attachment":[{"href":"https:\/\/www.bionosticfelinos.com.br\/index.php\/wp-json\/wp\/v2\/media?parent=278"}],"curies":[{"name":"wp","href":"https:\/\/api.w.org\/{rel}","templated":true}]}}