{"id":19,"date":"2025-09-08T05:54:58","date_gmt":"2025-09-08T08:54:58","guid":{"rendered":"https:\/\/www.bionosticfelinos.com.br\/?page_id=19"},"modified":"2026-01-16T13:36:08","modified_gmt":"2026-01-16T16:36:08","slug":"exames-laboratorias","status":"publish","type":"page","link":"https:\/\/www.bionosticfelinos.com.br\/index.php\/exames-laboratorias\/","title":{"rendered":"Exames Laboratorias"},"content":{"rendered":"\t\t<div data-elementor-type=\"wp-page\" data-elementor-id=\"19\" class=\"elementor elementor-19\">\n\t\t\t\t<div class=\"elementor-element elementor-element-399ee56 e-flex e-con-boxed e-con e-parent\" data-id=\"399ee56\" data-element_type=\"container\" data-e-type=\"container\" data-settings=\"{&quot;background_background&quot;:&quot;classic&quot;}\">\n\t\t\t\t\t<div class=\"e-con-inner\">\n\t\t\t\t\t<\/div>\n\t\t\t\t<\/div>\n\t\t<div class=\"elementor-element elementor-element-ecdb7a9 e-flex e-con-boxed e-con e-parent\" data-id=\"ecdb7a9\" data-element_type=\"container\" data-e-type=\"container\">\n\t\t\t\t\t<div class=\"e-con-inner\">\n\t\t\t\t<div class=\"elementor-element elementor-element-31d7439 elementor-widget elementor-widget-heading\" data-id=\"31d7439\" data-element_type=\"widget\" data-e-type=\"widget\" data-widget_type=\"heading.default\">\n\t\t\t\t<div class=\"elementor-widget-container\">\n\t\t\t\t\t<h2 class=\"elementor-heading-title elementor-size-default\">Exames Laboratoriais<\/h2>\t\t\t\t<\/div>\n\t\t\t\t<\/div>\n\t\t\t\t\t<\/div>\n\t\t\t\t<\/div>\n\t\t<div class=\"elementor-element elementor-element-e289d32 e-flex e-con-boxed e-con e-parent\" data-id=\"e289d32\" data-element_type=\"container\" data-e-type=\"container\">\n\t\t\t\t\t<div class=\"e-con-inner\">\n\t\t        <script>\n        jQuery( document ).ready( function( $ ) {\n            \/\/ Use .on('click', ...) as it is slightly more modern and flexible.\n            $( '.elementor-element-246dfb8' ).css( 'cursor', 'pointer' ).on( 'click', function(e) {\n                \n                var url = 'https:\/\/www.bionosticfelinos.com.br\/index.php\/hematologia\/';\n\n                                    \/\/ Otherwise, open the link in the same tab.\n                    window.location.href = url;\n                            });\n        });\n        <\/script>\n        <div class=\"elementor-element elementor-element-246dfb8 e-con-full e-flex e-con e-child\" data-id=\"246dfb8\" data-element_type=\"container\" data-e-type=\"container\" id=\"boxexames\">\n\t\t\t\t<div class=\"elementor-element elementor-element-598344f elementor-widget elementor-widget-heading\" data-id=\"598344f\" data-element_type=\"widget\" data-e-type=\"widget\" data-widget_type=\"heading.default\">\n\t\t\t\t<div class=\"elementor-widget-container\">\n\t\t\t\t\t<h2 class=\"elementor-heading-title elementor-size-default\"><a href=\"https:\/\/www.bionosticfelinos.com.br\/index.php\/hematologia\/\">Hematologia<\/a><\/h2>\t\t\t\t<\/div>\n\t\t\t\t<\/div>\n\t\t\t\t<\/div>\n\t\t        <script>\n        jQuery( document ).ready( function( $ ) {\n            \/\/ Use .on('click', ...) as it is slightly more modern and flexible.\n            $( '.elementor-element-fb5a170' ).css( 'cursor', 'pointer' ).on( 'click', function(e) {\n                \n                var url = 'https:\/\/www.bionosticfelinos.com.br\/index.php\/exames-credenciados';\n\n                                    \/\/ Otherwise, open the link in the same tab.\n                    window.location.href = url;\n                            });\n        });\n        <\/script>\n        <div class=\"elementor-element elementor-element-fb5a170 e-con-full e-flex e-con e-child\" data-id=\"fb5a170\" data-element_type=\"container\" data-e-type=\"container\" id=\"boxexames\">\n\t\t\t\t<div class=\"elementor-element elementor-element-9008303 elementor-widget elementor-widget-heading\" data-id=\"9008303\" data-element_type=\"widget\" data-e-type=\"widget\" data-widget_type=\"heading.default\">\n\t\t\t\t<div class=\"elementor-widget-container\">\n\t\t\t\t\t<h2 class=\"elementor-heading-title elementor-size-default\"><a href=\"https:\/\/www.bionosticfelinos.com.br\/index.php\/exames-credenciados\">Exames Credenciados<\/a><\/h2>\t\t\t\t<\/div>\n\t\t\t\t<\/div>\n\t\t\t\t<\/div>\n\t\t        <script>\n        jQuery( document ).ready( function( $ ) {\n            \/\/ Use .on('click', ...) as it is slightly more modern and flexible.\n            $( '.elementor-element-d718ad2' ).css( 'cursor', 'pointer' ).on( 'click', function(e) {\n                \n                var url = 'https:\/\/www.bionosticfelinos.com.br\/index.php\/hormonios';\n\n                                    \/\/ Otherwise, open the link in the same tab.\n                    window.location.href = url;\n                            });\n        });\n        <\/script>\n        <div class=\"elementor-element elementor-element-d718ad2 e-con-full e-flex e-con e-child\" data-id=\"d718ad2\" data-element_type=\"container\" data-e-type=\"container\" id=\"boxexames\">\n\t\t\t\t<div class=\"elementor-element elementor-element-8ab0c4a elementor-widget elementor-widget-heading\" data-id=\"8ab0c4a\" data-element_type=\"widget\" data-e-type=\"widget\" data-widget_type=\"heading.default\">\n\t\t\t\t<div class=\"elementor-widget-container\">\n\t\t\t\t\t<h2 class=\"elementor-heading-title elementor-size-default\"><a href=\"https:\/\/www.bionosticfelinos.com.br\/index.php\/hormonios\">Horm\u00f4nios <\/a><\/h2>\t\t\t\t<\/div>\n\t\t\t\t<\/div>\n\t\t\t\t<\/div>\n\t\t\t\t\t<\/div>\n\t\t\t\t<\/div>\n\t\t<div class=\"elementor-element elementor-element-4e05369 e-flex e-con-boxed e-con e-parent\" data-id=\"4e05369\" data-element_type=\"container\" data-e-type=\"container\">\n\t\t\t\t\t<div class=\"e-con-inner\">\n\t\t        <script>\n        jQuery( document ).ready( function( $ ) {\n            \/\/ Use .on('click', ...) as it is slightly more modern and flexible.\n            $( '.elementor-element-b602541' ).css( 'cursor', 'pointer' ).on( 'click', function(e) {\n                \n                var url = 'https:\/\/www.bionosticfelinos.com.br\/index.php\/bioquimica';\n\n                                    \/\/ Otherwise, open the link in the same tab.\n                    window.location.href = url;\n                            });\n        });\n        <\/script>\n        <div class=\"elementor-element elementor-element-b602541 e-con-full e-flex e-con e-child\" data-id=\"b602541\" data-element_type=\"container\" data-e-type=\"container\" id=\"boxexames\">\n\t\t\t\t<div class=\"elementor-element elementor-element-63439b1 elementor-widget elementor-widget-heading\" data-id=\"63439b1\" data-element_type=\"widget\" data-e-type=\"widget\" data-widget_type=\"heading.default\">\n\t\t\t\t<div class=\"elementor-widget-container\">\n\t\t\t\t\t<h2 class=\"elementor-heading-title elementor-size-default\"><a href=\"https:\/\/www.bionosticfelinos.com.br\/index.php\/bioquimica\">Bioqu\u00edmica<\/a><\/h2>\t\t\t\t<\/div>\n\t\t\t\t<\/div>\n\t\t\t\t<\/div>\n\t\t        <script>\n        jQuery( document ).ready( function( $ ) {\n            \/\/ Use .on('click', ...) as it is slightly more modern and flexible.\n            $( '.elementor-element-6fd18ee' ).css( 'cursor', 'pointer' ).on( 'click', function(e) {\n                \n                var url = 'https:\/\/www.bionosticfelinos.com.br\/index.php\/parasitologia';\n\n                                    \/\/ Otherwise, open the link in the same tab.\n                    window.location.href = url;\n                            });\n        });\n        <\/script>\n        <div class=\"elementor-element elementor-element-6fd18ee e-con-full e-flex e-con e-child\" data-id=\"6fd18ee\" data-element_type=\"container\" data-e-type=\"container\" id=\"boxexames\">\n\t\t\t\t<div class=\"elementor-element elementor-element-b6fed68 elementor-widget elementor-widget-heading\" data-id=\"b6fed68\" data-element_type=\"widget\" data-e-type=\"widget\" data-widget_type=\"heading.default\">\n\t\t\t\t<div class=\"elementor-widget-container\">\n\t\t\t\t\t<h2 class=\"elementor-heading-title elementor-size-default\"><a href=\"https:\/\/www.bionosticfelinos.com.br\/index.php\/parasitologia\">Parasitologia<\/a><\/h2>\t\t\t\t<\/div>\n\t\t\t\t<\/div>\n\t\t\t\t<\/div>\n\t\t        <script>\n        jQuery( document ).ready( function( $ ) {\n            \/\/ Use .on('click', ...) as it is slightly more modern and flexible.\n            $( '.elementor-element-13caeb7' ).css( 'cursor', 'pointer' ).on( 'click', function(e) {\n                \n                var url = 'https:\/\/www.bionosticfelinos.com.br\/index.php\/imunologia';\n\n                                    \/\/ Otherwise, open the link in the same tab.\n                    window.location.href = url;\n                            });\n        });\n        <\/script>\n        <div class=\"elementor-element elementor-element-13caeb7 e-con-full e-flex e-con e-child\" data-id=\"13caeb7\" data-element_type=\"container\" data-e-type=\"container\" id=\"boxexames\">\n\t\t\t\t<div class=\"elementor-element elementor-element-eaddbdb elementor-widget elementor-widget-heading\" data-id=\"eaddbdb\" data-element_type=\"widget\" data-e-type=\"widget\" data-widget_type=\"heading.default\">\n\t\t\t\t<div class=\"elementor-widget-container\">\n\t\t\t\t\t<h2 class=\"elementor-heading-title elementor-size-default\"><a href=\"https:\/\/www.bionosticfelinos.com.br\/index.php\/imunologia\">Imunologia<\/a><\/h2>\t\t\t\t<\/div>\n\t\t\t\t<\/div>\n\t\t\t\t<\/div>\n\t\t\t\t\t<\/div>\n\t\t\t\t<\/div>\n\t\t<div class=\"elementor-element elementor-element-0ad7bc3 e-flex e-con-boxed e-con e-parent\" data-id=\"0ad7bc3\" data-element_type=\"container\" data-e-type=\"container\">\n\t\t\t\t\t<div class=\"e-con-inner\">\n\t\t        <script>\n        jQuery( document ).ready( function( $ ) {\n            \/\/ Use .on('click', ...) as it is slightly more modern and flexible.\n            $( '.elementor-element-b3b4030' ).css( 'cursor', 'pointer' ).on( 'click', function(e) {\n                \n                var url = 'https:\/\/www.bionosticfelinos.com.br\/index.php\/urinalise';\n\n                                    \/\/ Otherwise, open the link in the same tab.\n                    window.location.href = url;\n                            });\n        });\n        <\/script>\n        <div class=\"elementor-element elementor-element-b3b4030 e-con-full e-flex e-con e-child\" data-id=\"b3b4030\" data-element_type=\"container\" data-e-type=\"container\" id=\"boxexames\">\n\t\t\t\t<div class=\"elementor-element elementor-element-15bc0e6 elementor-widget elementor-widget-heading\" data-id=\"15bc0e6\" data-element_type=\"widget\" data-e-type=\"widget\" data-widget_type=\"heading.default\">\n\t\t\t\t<div class=\"elementor-widget-container\">\n\t\t\t\t\t<h2 class=\"elementor-heading-title elementor-size-default\"><a href=\"https:\/\/www.bionosticfelinos.com.br\/index.php\/urinalise\">Urin\u00e1lise<\/a><\/h2>\t\t\t\t<\/div>\n\t\t\t\t<\/div>\n\t\t\t\t<\/div>\n\t\t        <script>\n        jQuery( document ).ready( function( $ ) {\n            \/\/ Use .on('click', ...) as it is slightly more modern and flexible.\n            $( '.elementor-element-1e0b815' ).css( 'cursor', 'pointer' ).on( 'click', function(e) {\n                \n                var url = 'https:\/\/www.bionosticfelinos.com.br\/index.php\/venenos';\n\n                                    \/\/ Otherwise, open the link in the same tab.\n                    window.location.href = url;\n                            });\n        });\n        <\/script>\n        <div class=\"elementor-element elementor-element-1e0b815 e-con-full e-flex e-con e-child\" data-id=\"1e0b815\" data-element_type=\"container\" data-e-type=\"container\" id=\"boxexames\">\n\t\t\t\t<div class=\"elementor-element elementor-element-fb7fb10 elementor-widget elementor-widget-heading\" data-id=\"fb7fb10\" data-element_type=\"widget\" data-e-type=\"widget\" data-widget_type=\"heading.default\">\n\t\t\t\t<div class=\"elementor-widget-container\">\n\t\t\t\t\t<h2 class=\"elementor-heading-title elementor-size-default\"><a href=\"https:\/\/www.bionosticfelinos.com.br\/index.php\/venenos\">Venenos<\/a><\/h2>\t\t\t\t<\/div>\n\t\t\t\t<\/div>\n\t\t\t\t<\/div>\n\t\t        <script>\n        jQuery( document ).ready( function( $ ) {\n            \/\/ Use .on('click', ...) as it is slightly more modern and flexible.\n            $( '.elementor-element-bbee9c8' ).css( 'cursor', 'pointer' ).on( 'click', function(e) {\n                \n                var url = 'https:\/\/www.bionosticfelinos.com.br\/index.php\/toxicologia';\n\n                                    \/\/ Otherwise, open the link in the same tab.\n                    window.location.href = url;\n                            });\n        });\n        <\/script>\n        <div class=\"elementor-element elementor-element-bbee9c8 e-con-full e-flex e-con e-child\" data-id=\"bbee9c8\" data-element_type=\"container\" data-e-type=\"container\" id=\"boxexames\">\n\t\t\t\t<div class=\"elementor-element elementor-element-b8618be elementor-widget elementor-widget-heading\" data-id=\"b8618be\" data-element_type=\"widget\" data-e-type=\"widget\" data-widget_type=\"heading.default\">\n\t\t\t\t<div class=\"elementor-widget-container\">\n\t\t\t\t\t<h2 class=\"elementor-heading-title elementor-size-default\"><a href=\"https:\/\/www.bionosticfelinos.com.br\/index.php\/toxicologia\">Toxicologia<\/a><\/h2>\t\t\t\t<\/div>\n\t\t\t\t<\/div>\n\t\t\t\t<\/div>\n\t\t\t\t\t<\/div>\n\t\t\t\t<\/div>\n\t\t<div class=\"elementor-element elementor-element-9f27f32 e-flex e-con-boxed e-con e-parent\" data-id=\"9f27f32\" data-element_type=\"container\" data-e-type=\"container\">\n\t\t\t\t\t<div class=\"e-con-inner\">\n\t\t        <script>\n        jQuery( document ).ready( function( $ ) {\n            \/\/ Use .on('click', ...) as it is slightly more modern and flexible.\n            $( '.elementor-element-3be8ac4' ).css( 'cursor', 'pointer' ).on( 'click', function(e) {\n                \n                var url = 'https:\/\/www.bionosticfelinos.com.br\/index.php\/biologia-molecular';\n\n                                    \/\/ Otherwise, open the link in the same tab.\n                    window.location.href = url;\n                            });\n        });\n        <\/script>\n        <div class=\"elementor-element elementor-element-3be8ac4 e-con-full e-flex e-con e-child\" data-id=\"3be8ac4\" data-element_type=\"container\" data-e-type=\"container\" id=\"boxexames\">\n\t\t\t\t<div class=\"elementor-element elementor-element-f7ff6e6 elementor-widget elementor-widget-heading\" data-id=\"f7ff6e6\" data-element_type=\"widget\" data-e-type=\"widget\" data-widget_type=\"heading.default\">\n\t\t\t\t<div class=\"elementor-widget-container\">\n\t\t\t\t\t<h2 class=\"elementor-heading-title elementor-size-default\"><a href=\"https:\/\/www.bionosticfelinos.com.br\/index.php\/biologia-molecular\">Biologia Molecular<\/a><\/h2>\t\t\t\t<\/div>\n\t\t\t\t<\/div>\n\t\t\t\t<\/div>\n\t\t        <script>\n        jQuery( document ).ready( function( $ ) {\n            \/\/ Use .on('click', ...) as it is slightly more modern and flexible.\n            $( '.elementor-element-72753d8' ).css( 'cursor', 'pointer' ).on( 'click', function(e) {\n                \n                var url = 'https:\/\/www.bionosticfelinos.com.br\/index.php\/microbiologia';\n\n                                    \/\/ Otherwise, open the link in the same tab.\n                    window.location.href = url;\n                            });\n        });\n        <\/script>\n        <div class=\"elementor-element elementor-element-72753d8 e-con-full e-flex e-con e-child\" data-id=\"72753d8\" data-element_type=\"container\" data-e-type=\"container\" id=\"boxexames\">\n\t\t\t\t<div class=\"elementor-element elementor-element-e7a50d6 elementor-widget elementor-widget-heading\" data-id=\"e7a50d6\" data-element_type=\"widget\" data-e-type=\"widget\" data-widget_type=\"heading.default\">\n\t\t\t\t<div class=\"elementor-widget-container\">\n\t\t\t\t\t<h2 class=\"elementor-heading-title elementor-size-default\"><a href=\"https:\/\/www.bionosticfelinos.com.br\/index.php\/microbiologia\">Microbiologia<\/a><\/h2>\t\t\t\t<\/div>\n\t\t\t\t<\/div>\n\t\t\t\t<\/div>\n\t\t        <script>\n        jQuery( document ).ready( function( $ ) {\n            \/\/ Use .on('click', ...) as it is slightly more modern and flexible.\n            $( '.elementor-element-09e7f58' ).css( 'cursor', 'pointer' ).on( 'click', function(e) {\n                \n                var url = 'https:\/\/www.bionosticfelinos.com.br\/index.php\/necropsia';\n\n                                    \/\/ Otherwise, open the link in the same tab.\n                    window.location.href = url;\n                            });\n        });\n        <\/script>\n        <div class=\"elementor-element elementor-element-09e7f58 e-con-full e-flex e-con e-child\" data-id=\"09e7f58\" data-element_type=\"container\" data-e-type=\"container\" id=\"boxexames\">\n\t\t\t\t<div class=\"elementor-element elementor-element-7393176 elementor-widget elementor-widget-heading\" data-id=\"7393176\" data-element_type=\"widget\" data-e-type=\"widget\" data-widget_type=\"heading.default\">\n\t\t\t\t<div class=\"elementor-widget-container\">\n\t\t\t\t\t<h2 class=\"elementor-heading-title elementor-size-default\"><a href=\"https:\/\/www.bionosticfelinos.com.br\/index.php\/necropsia\">Necr\u00f3psia<\/a><\/h2>\t\t\t\t<\/div>\n\t\t\t\t<\/div>\n\t\t\t\t<\/div>\n\t\t\t\t\t<\/div>\n\t\t\t\t<\/div>\n\t\t<div class=\"elementor-element elementor-element-52d8da2 e-flex e-con-boxed e-con e-parent\" data-id=\"52d8da2\" data-element_type=\"container\" data-e-type=\"container\">\n\t\t\t\t\t<div class=\"e-con-inner\">\n\t\t        <script>\n        jQuery( document ).ready( function( $ ) {\n            \/\/ Use .on('click', ...) as it is slightly more modern and flexible.\n            $( '.elementor-element-f988fae' ).css( 'cursor', 'pointer' ).on( 'click', function(e) {\n                \n                var url = 'https:\/\/www.bionosticfelinos.com.br\/index.php\/citologia-e-histopatologia';\n\n                                    \/\/ Otherwise, open the link in the same tab.\n                    window.location.href = url;\n                            });\n        });\n        <\/script>\n        <div class=\"elementor-element elementor-element-f988fae e-con-full e-flex e-con e-child\" data-id=\"f988fae\" data-element_type=\"container\" data-e-type=\"container\" id=\"boxexames\">\n\t\t\t\t<div class=\"elementor-element elementor-element-4954955 elementor-widget elementor-widget-heading\" data-id=\"4954955\" data-element_type=\"widget\" data-e-type=\"widget\" data-widget_type=\"heading.default\">\n\t\t\t\t<div class=\"elementor-widget-container\">\n\t\t\t\t\t<h2 class=\"elementor-heading-title elementor-size-default\"><a href=\"https:\/\/www.bionosticfelinos.com.br\/index.php\/citologia-e-histopatologia\">Citologia e\nHistopatologia<\/a><\/h2>\t\t\t\t<\/div>\n\t\t\t\t<\/div>\n\t\t\t\t<\/div>\n\t\t        <script>\n        jQuery( document ).ready( function( $ ) {\n            \/\/ Use .on('click', ...) as it is slightly more modern and flexible.\n            $( '.elementor-element-1e58912' ).css( 'cursor', 'pointer' ).on( 'click', function(e) {\n                \n                var url = 'https:\/\/www.bionosticfelinos.com.br\/index.php\/sorologia-de-raiva';\n\n                                    \/\/ Otherwise, open the link in the same tab.\n                    window.location.href = url;\n                            });\n        });\n        <\/script>\n        <div class=\"elementor-element elementor-element-1e58912 e-con-full e-flex e-con e-child\" data-id=\"1e58912\" data-element_type=\"container\" data-e-type=\"container\" id=\"boxexames\">\n\t\t\t\t<div class=\"elementor-element elementor-element-cf2d051 elementor-widget elementor-widget-heading\" data-id=\"cf2d051\" data-element_type=\"widget\" data-e-type=\"widget\" data-widget_type=\"heading.default\">\n\t\t\t\t<div class=\"elementor-widget-container\">\n\t\t\t\t\t<h2 class=\"elementor-heading-title elementor-size-default\"><a href=\"https:\/\/www.bionosticfelinos.com.br\/index.php\/sorologia-de-raiva\">Sorologia\nde Raiva<\/a><\/h2>\t\t\t\t<\/div>\n\t\t\t\t<\/div>\n\t\t\t\t<\/div>\n\t\t<div class=\"elementor-element elementor-element-ab232bf e-con-full e-flex e-con e-child\" data-id=\"ab232bf\" data-element_type=\"container\" data-e-type=\"container\">\n\t\t\t\t<div class=\"elementor-element elementor-element-5094dc0 elementor-widget elementor-widget-heading\" data-id=\"5094dc0\" data-element_type=\"widget\" data-e-type=\"widget\" data-widget_type=\"heading.default\">\n\t\t\t\t<div class=\"elementor-widget-container\">\n\t\t\t\t\t<h2 class=\"elementor-heading-title elementor-size-default\"><a href=\"https:\/\/www.bionosticfelinos.com.br\/index.php\/microbiologia\">***Necr\u00f3psia<\/a><\/h2>\t\t\t\t<\/div>\n\t\t\t\t<\/div>\n\t\t\t\t<\/div>\n\t\t\t\t\t<\/div>\n\t\t\t\t<\/div>\n\t\t<div class=\"elementor-element elementor-element-e30445c e-flex e-con-boxed e-con e-parent\" data-id=\"e30445c\" data-element_type=\"container\" data-e-type=\"container\">\n\t\t\t\t\t<div class=\"e-con-inner\">\n\t\t<div class=\"elementor-element elementor-element-740a167 e-con-full e-flex e-con e-child\" data-id=\"740a167\" data-element_type=\"container\" data-e-type=\"container\" data-settings=\"{&quot;background_background&quot;:&quot;classic&quot;}\">\n\t\t<div class=\"elementor-element elementor-element-8290a7b e-con-full e-flex e-con e-child\" data-id=\"8290a7b\" data-element_type=\"container\" data-e-type=\"container\">\n\t\t\t\t<div class=\"elementor-element elementor-element-17f99a2 elementor-widget elementor-widget-image\" data-id=\"17f99a2\" data-element_type=\"widget\" data-e-type=\"widget\" data-widget_type=\"image.default\">\n\t\t\t\t<div class=\"elementor-widget-container\">\n\t\t\t\t\t\t\t\t\t\t\t\t\t\t\t<img fetchpriority=\"high\" decoding=\"async\" width=\"607\" height=\"679\" src=\"https:\/\/www.bionosticfelinos.com.br\/wp-content\/uploads\/2025\/09\/iconexame.png\" class=\"attachment-large size-large wp-image-210\" alt=\"\" srcset=\"https:\/\/www.bionosticfelinos.com.br\/wp-content\/uploads\/2025\/09\/iconexame.png 607w, https:\/\/www.bionosticfelinos.com.br\/wp-content\/uploads\/2025\/09\/iconexame-268x300.png 268w, https:\/\/www.bionosticfelinos.com.br\/wp-content\/uploads\/2025\/09\/iconexame-230x257.png 230w, https:\/\/www.bionosticfelinos.com.br\/wp-content\/uploads\/2025\/09\/iconexame-350x392.png 350w, https:\/\/www.bionosticfelinos.com.br\/wp-content\/uploads\/2025\/09\/iconexame-480x537.png 480w\" sizes=\"(max-width: 607px) 100vw, 607px\" \/>\t\t\t\t\t\t\t\t\t\t\t\t\t\t\t<\/div>\n\t\t\t\t<\/div>\n\t\t\t\t<\/div>\n\t\t<div class=\"elementor-element elementor-element-ad271aa e-con-full e-flex e-con e-child\" data-id=\"ad271aa\" data-element_type=\"container\" data-e-type=\"container\">\n\t\t\t\t<div class=\"elementor-element elementor-element-75bafbe elementor-widget elementor-widget-heading\" data-id=\"75bafbe\" data-element_type=\"widget\" data-e-type=\"widget\" data-widget_type=\"heading.default\">\n\t\t\t\t<div class=\"elementor-widget-container\">\n\t\t\t\t\t<h2 class=\"elementor-heading-title elementor-size-default\">Fazemos a coleta para o exame com experi\u00eancia e cuidado, garantindo\nqualidade nas amostras e tranquilidade para tutor e pet.<\/h2>\t\t\t\t<\/div>\n\t\t\t\t<\/div>\n\t\t\t\t<\/div>\n\t\t\t\t<\/div>\n\t\t\t\t\t<\/div>\n\t\t\t\t<\/div>\n\t\t<div class=\"elementor-element elementor-element-4e7d45b e-flex e-con-boxed e-con e-parent\" data-id=\"4e7d45b\" data-element_type=\"container\" data-e-type=\"container\">\n\t\t\t\t\t<div class=\"e-con-inner\">\n\t\t\t\t<div class=\"elementor-element elementor-element-ea879fa elementor-widget elementor-widget-text-editor\" data-id=\"ea879fa\" data-element_type=\"widget\" data-e-type=\"widget\" data-widget_type=\"text-editor.default\">\n\t\t\t\t<div class=\"elementor-widget-container\">\n\t\t\t\t\t\t\t\t\t<p>Respons\u00e1vel T\u00e9cnica: MV. Vanessa Wotkoski Benoni CRMV-PR 5401<\/p>\t\t\t\t\t\t\t\t<\/div>\n\t\t\t\t<\/div>\n\t\t\t\t\t<\/div>\n\t\t\t\t<\/div>\n\t\t\t\t<\/div>\n\t\t","protected":false},"excerpt":{"rendered":"<p>Exames Laboratoriais Hematologia Exames Credenciados Horm\u00f4nios Bioqu\u00edmica Parasitologia Imunologia Urin\u00e1lise Venenos Toxicologia Biologia Molecular Microbiologia Necr\u00f3psia Citologia e Histopatologia Sorologia de Raiva [&hellip;]<\/p>\n","protected":false},"author":1,"featured_media":0,"parent":0,"menu_order":0,"comment_status":"closed","ping_status":"closed","template":"elementor_header_footer","meta":{"footnotes":""},"class_list":["post-19","page","type-page","status-publish","hentry"],"_links":{"self":[{"href":"https:\/\/www.bionosticfelinos.com.br\/index.php\/wp-json\/wp\/v2\/pages\/19","targetHints":{"allow":["GET"]}}],"collection":[{"href":"https:\/\/www.bionosticfelinos.com.br\/index.php\/wp-json\/wp\/v2\/pages"}],"about":[{"href":"https:\/\/www.bionosticfelinos.com.br\/index.php\/wp-json\/wp\/v2\/types\/page"}],"author":[{"embeddable":true,"href":"https:\/\/www.bionosticfelinos.com.br\/index.php\/wp-json\/wp\/v2\/users\/1"}],"replies":[{"embeddable":true,"href":"https:\/\/www.bionosticfelinos.com.br\/index.php\/wp-json\/wp\/v2\/comments?post=19"}],"version-history":[{"count":85,"href":"https:\/\/www.bionosticfelinos.com.br\/index.php\/wp-json\/wp\/v2\/pages\/19\/revisions"}],"predecessor-version":[{"id":659,"href":"https:\/\/www.bionosticfelinos.com.br\/index.php\/wp-json\/wp\/v2\/pages\/19\/revisions\/659"}],"wp:attachment":[{"href":"https:\/\/www.bionosticfelinos.com.br\/index.php\/wp-json\/wp\/v2\/media?parent=19"}],"curies":[{"name":"wp","href":"https:\/\/api.w.org\/{rel}","templated":true}]}}